{"id":5776,"date":"2023-05-16T05:15:00","date_gmt":"2023-05-16T03:15:00","guid":{"rendered":"https:\/\/www.volkstheater.ch\/avantages\/"},"modified":"2026-01-27T15:37:43","modified_gmt":"2026-01-27T14:37:43","slug":"avantages","status":"publish","type":"page","link":"https:\/\/www.volkstheater.ch\/fr\/avantages\/","title":{"rendered":"Avantages"},"content":{"rendered":"\n<div class=\"wp-block-pb-accordion-item c-accordion__item js-accordion-item no-js\" data-initially-open=\"false\" data-click-to-close=\"true\" data-auto-close=\"true\" data-scroll=\"false\" data-scroll-offset=\"0\"><h5 id=\"at-3620\" class=\"c-accordion__title js-accordion-controller\" role=\"button\">Kurse ZSV<\/h5><div id=\"ac-3620\" class=\"c-accordion__content\">\n<p>Nos cours s&rsquo;adressent \u00e0 toutes les personnes int\u00e9ress\u00e9es par le th\u00e9\u00e2tre. Les membres b\u00e9n\u00e9ficient d&rsquo;une r\u00e9duction de 60.- par cours. <\/p>\n<\/div><\/div>\n\n<div style=\"height:50px\" aria-hidden=\"true\" class=\"wp-block-spacer\"><\/div>\n\n<div class=\"wp-block-pb-accordion-item c-accordion__item js-accordion-item no-js\" data-initially-open=\"false\" data-click-to-close=\"true\" data-auto-close=\"true\" data-scroll=\"false\" data-scroll-offset=\"0\"><h5 id=\"at-3621\" class=\"c-accordion__title js-accordion-controller\" role=\"button\">Werbung (Spielkalender)<\/h5><div id=\"ac-3621\" class=\"c-accordion__content\">\n<div class=\"wp-block-columns is-layout-flex wp-container-core-columns-is-layout-9d6595d7 wp-block-columns-is-layout-flex\">\n<div class=\"wp-block-column is-layout-flow wp-block-column-is-layout-flow\" style=\"flex-basis:33.33%\">\n<figure class=\"wp-block-image size-full is-resized\"><a href=\"https:\/\/www.guidle.com\/de\" target=\"_blank\" rel=\"noreferrer noopener\"><img loading=\"lazy\" decoding=\"async\" width=\"272\" height=\"185\" src=\"https:\/\/www.volkstheater.ch\/wp-content\/uploads\/2022\/10\/guidle.png\" alt=\"\" class=\"wp-image-1438\"\/><\/a><\/figure>\n<\/div>\n\n\n\n<div class=\"wp-block-column is-layout-flow wp-block-column-is-layout-flow\" style=\"flex-basis:66.66%\">\n<ul class=\"wp-block-list\">\n<li><strong>SAISIR UNE FOIS, APPARA\u00ceTRE PARTOUT<\/strong><br\/>Saisissez les dates de vos repr\u00e9sentations \u2013 et elles apparaissent automatiquement sur les sites web du ZSV, les m\u00e9dias de votre r\u00e9gion et de nombreux autres partenaires (communes, cantons, Suisse Tourisme).<\/li>\n\n\n\n<li><strong>PLUS DE VISIBILIT\u00c9 pour vos \u00e9v\u00e9nements<\/strong><br\/>Les repr\u00e9sentations sont affich\u00e9es dans un r\u00e9seau de portails culturels et de sites touristiques \u2013 sans effort suppl\u00e9mentaire de votre part.<\/li>\n\n\n\n<li><strong>PAS de frais d&rsquo;installation<\/strong><br\/>Premi\u00e8re saisie gratuite pour les membres.<\/li>\n\n\n\n<li><strong>SUPPORT PERSONNALIS\u00c9 pour vos questions<\/strong><br\/>L&rsquo;\u00e9quipe Guidle vous aide par t\u00e9l\u00e9phone et par e-mail.<\/li>\n\n\n\n<li><strong>EN OPTION : Boost marketing<\/strong><br\/>Plus de \u00abpr\u00e9sence m\u00e9diatique\u00bb; plus grande port\u00e9e avec le booster<\/li>\n\n\n\n<li><strong>VOS DONN\u00c9ES vous appartiennent<\/strong><br\/>\u00c0 votre d\u00e9part, vous r\u00e9cup\u00e9rez toutes vos donn\u00e9es.<\/li>\n<\/ul>\n\n\n\n<p>L&rsquo;inscription des \u00e9v\u00e9nements se fait une seule fois et appara\u00eet dans de nombreux m\u00e9dias ainsi que sur notre page d&rsquo;accueil. Les co\u00fbts sont pris en charge par les associations r\u00e9gionales et la ZSV. <br\/><strong>ACTION jusqu&rsquo;au 30.08.2025: 20% de r\u00e9duction sur une port\u00e9e \u00e9largie: 20% de r\u00e9duction sur \u00abMedia Pool Large\u00bb<\/strong><\/p>\n<\/div>\n<\/div>\n<\/div><\/div>\n\n<div class=\"wp-block-pb-accordion-item c-accordion__item js-accordion-item no-js\" data-initially-open=\"false\" data-click-to-close=\"true\" data-auto-close=\"true\" data-scroll=\"false\" data-scroll-offset=\"0\"><h5 id=\"at-3622\" class=\"c-accordion__title js-accordion-controller\" role=\"button\">B\u00fchnenbilder \/ Requisiten<\/h5><div id=\"ac-3622\" class=\"c-accordion__content\">\n<div class=\"wp-block-columns is-layout-flex wp-container-core-columns-is-layout-9d6595d7 wp-block-columns-is-layout-flex\">\n<div class=\"wp-block-column is-layout-flow wp-block-column-is-layout-flow\" style=\"flex-basis:33.33%\">\n<figure class=\"wp-block-image size-large is-resized\"><a href=\"http:\/\/www.theaterfundus.ch\" target=\"_blank\" rel=\"noreferrer noopener\"><img loading=\"lazy\" decoding=\"async\" width=\"1024\" height=\"934\" src=\"https:\/\/www.volkstheater.ch\/wp-content\/uploads\/2022\/09\/Theaterfundus-plus-1024x934.jpg\" alt=\"\" class=\"wp-image-424\" srcset=\"https:\/\/www.volkstheater.ch\/wp-content\/uploads\/2022\/09\/Theaterfundus-plus-1024x934.jpg 1024w, https:\/\/www.volkstheater.ch\/wp-content\/uploads\/2022\/09\/Theaterfundus-plus-300x274.jpg 300w, https:\/\/www.volkstheater.ch\/wp-content\/uploads\/2022\/09\/Theaterfundus-plus-768x701.jpg 768w, https:\/\/www.volkstheater.ch\/wp-content\/uploads\/2022\/09\/Theaterfundus-plus-1536x1401.jpg 1536w, https:\/\/www.volkstheater.ch\/wp-content\/uploads\/2022\/09\/Theaterfundus-plus.jpg 1770w\" sizes=\"auto, (max-width: 1024px) 100vw, 1024px\" \/><\/a><\/figure>\n<\/div>\n\n\n\n<div class=\"wp-block-column is-layout-flow wp-block-column-is-layout-flow\" style=\"flex-basis:66.66%\">\n<p>10% de r\u00e9duction<\/p>\n\n\n\n<p>Le fonds th\u00e9\u00e2tral comprend environ 200 d\u00e9cors de sc\u00e8ne complets (motifs int\u00e9rieurs et ext\u00e9rieurs) avec les accessoires correspondants. Sur demande, des d\u00e9cors sp\u00e9cifiques peuvent \u00eatre r\u00e9alis\u00e9s. Du mat\u00e9riel de d\u00e9coration pour des \u00e9v\u00e9nements et des f\u00eates \u00e0 th\u00e8me est \u00e9galement disponible \u00e0 la location. Les membres b\u00e9n\u00e9ficient d&rsquo;une r\u00e9duction de 10% sur la location des d\u00e9cors et accessoires existants.   <\/p>\n<\/div>\n<\/div>\n<\/div><\/div>\n\n<div class=\"wp-block-pb-accordion-item c-accordion__item js-accordion-item no-js\" data-initially-open=\"false\" data-click-to-close=\"true\" data-auto-close=\"true\" data-scroll=\"false\" data-scroll-offset=\"0\"><h5 id=\"at-3623\" class=\"c-accordion__title js-accordion-controller\" role=\"button\">ClubDesk (Vereinssoftware)<\/h5><div id=\"ac-3623\" class=\"c-accordion__content\">\n<div class=\"wp-block-columns is-layout-flex wp-container-core-columns-is-layout-9d6595d7 wp-block-columns-is-layout-flex\">\n<div class=\"wp-block-column is-layout-flow wp-block-column-is-layout-flow\" style=\"flex-basis:33.33%\">\n<figure class=\"wp-block-image size-large is-resized\"><a href=\"https:\/\/www.clubdesk.ch\/de\/zsv?utm_source=ZSV&amp;utm_medium=referral&amp;utm_campaign=partnerschaft\" target=\"_blank\" rel=\"noreferrer noopener\"><img loading=\"lazy\" decoding=\"async\" width=\"1024\" height=\"218\" src=\"https:\/\/www.volkstheater.ch\/wp-content\/uploads\/2023\/05\/2021-12-06-Signet-Clubdesk-R-mit-Claim-RGB-1024x218.jpg\" alt=\"\" class=\"wp-image-2747\" srcset=\"https:\/\/www.volkstheater.ch\/wp-content\/uploads\/2023\/05\/2021-12-06-Signet-Clubdesk-R-mit-Claim-RGB-1024x218.jpg 1024w, https:\/\/www.volkstheater.ch\/wp-content\/uploads\/2023\/05\/2021-12-06-Signet-Clubdesk-R-mit-Claim-RGB-300x64.jpg 300w, https:\/\/www.volkstheater.ch\/wp-content\/uploads\/2023\/05\/2021-12-06-Signet-Clubdesk-R-mit-Claim-RGB-768x163.jpg 768w, https:\/\/www.volkstheater.ch\/wp-content\/uploads\/2023\/05\/2021-12-06-Signet-Clubdesk-R-mit-Claim-RGB-1536x327.jpg 1536w, https:\/\/www.volkstheater.ch\/wp-content\/uploads\/2023\/05\/2021-12-06-Signet-Clubdesk-R-mit-Claim-RGB-2048x436.jpg 2048w\" sizes=\"auto, (max-width: 1024px) 100vw, 1024px\" \/><\/a><\/figure>\n<\/div>\n\n\n\n<div class=\"wp-block-column is-layout-flow wp-block-column-is-layout-flow\" style=\"flex-basis:66.66%\">\n<p>25% de r\u00e9duction sur la premi\u00e8re cotisation annuelle<\/p>\n\n\n\n<p>Fini les innombrables listes Excel. <strong><strong><strong> <\/strong><\/strong><\/strong>Plus de fiches de membres ni de recherches interminables. Avec ClubDesk, les associations th\u00e9\u00e2trales peuvent g\u00e9rer leur administration en un seul endroit. Gestion des membres, comptabilit\u00e9 et bien plus encore &#8211; tout est stock\u00e9 et accessible de mani\u00e8re centralis\u00e9e.  <\/p>\n\n\n\n<p><\/p>\n<\/div>\n<\/div>\n<\/div><\/div>\n\n<div class=\"wp-block-pb-accordion-item c-accordion__item js-accordion-item no-js\" data-initially-open=\"false\" data-click-to-close=\"true\" data-auto-close=\"true\" data-scroll=\"false\" data-scroll-offset=\"0\"><h5 id=\"at-3624\" class=\"c-accordion__title js-accordion-controller\" role=\"button\">Erm\u00e4ssigte Vereinskleidung<\/h5><div id=\"ac-3624\" class=\"c-accordion__content\">\n<div class=\"wp-block-columns is-layout-flex wp-container-core-columns-is-layout-9d6595d7 wp-block-columns-is-layout-flex\">\n<div class=\"wp-block-column is-layout-flow wp-block-column-is-layout-flow\" style=\"flex-basis:33.33%\">\n<figure class=\"wp-block-image size-full\"><img loading=\"lazy\" decoding=\"async\" width=\"1000\" height=\"376\" src=\"https:\/\/www.volkstheater.ch\/wp-content\/uploads\/Logo_SHIRTHOUSE_Slogan-gruen-01-1.png\" alt=\"\" class=\"wp-image-3879\" srcset=\"https:\/\/www.volkstheater.ch\/wp-content\/uploads\/Logo_SHIRTHOUSE_Slogan-gruen-01-1.png 1000w, https:\/\/www.volkstheater.ch\/wp-content\/uploads\/Logo_SHIRTHOUSE_Slogan-gruen-01-1-300x113.png 300w, https:\/\/www.volkstheater.ch\/wp-content\/uploads\/Logo_SHIRTHOUSE_Slogan-gruen-01-1-768x289.png 768w\" sizes=\"auto, (max-width: 1000px) 100vw, 1000px\" \/><\/figure>\n<\/div>\n\n\n\n<div class=\"wp-block-column is-layout-flow wp-block-column-is-layout-flow\" style=\"flex-basis:66.66%\">\n<p>25% de r\u00e9duction sur les v\u00eatements d&rsquo;association de notre boutique<\/p>\n\n\n\n<p>La r\u00e9duction s&rsquo;applique \u00e9galement \u00e0 la personnalisation des textiles.<\/p>\n\n\n\n<p><a href=\"https:\/\/zsv.dfshop.com\" target=\"_blank\" rel=\"noreferrer noopener\">ZSV-SHIRTHOUSE-Shop<\/a><\/p>\n\n\n\n<div style=\"height:50px\" aria-hidden=\"true\" class=\"wp-block-spacer\"><\/div>\n<\/div>\n<\/div>\n<\/div><\/div>\n\n<div class=\"wp-block-pb-accordion-item c-accordion__item js-accordion-item no-js\" data-initially-open=\"false\" data-click-to-close=\"true\" data-auto-close=\"true\" data-scroll=\"false\" data-scroll-offset=\"0\"><h5 id=\"at-3625\" class=\"c-accordion__title js-accordion-controller\" role=\"button\">Rechtsberatung f\u00fcr Mitglieder<\/h5><div id=\"ac-3625\" class=\"c-accordion__content\">\n<div class=\"wp-block-columns is-layout-flex wp-container-core-columns-is-layout-9d6595d7 wp-block-columns-is-layout-flex\">\n<div class=\"wp-block-column is-layout-flow wp-block-column-is-layout-flow\" style=\"flex-basis:33.33%\">\n<figure class=\"wp-block-image size-large\"><img loading=\"lazy\" decoding=\"async\" width=\"1024\" height=\"1024\" src=\"https:\/\/www.volkstheater.ch\/wp-content\/uploads\/Foto-Marco-fuer-Homepage-klein-1024x1024.jpg\" alt=\"\" class=\"wp-image-3976\" srcset=\"https:\/\/www.volkstheater.ch\/wp-content\/uploads\/Foto-Marco-fuer-Homepage-klein-1024x1024.jpg 1024w, https:\/\/www.volkstheater.ch\/wp-content\/uploads\/Foto-Marco-fuer-Homepage-klein-300x300.jpg 300w, https:\/\/www.volkstheater.ch\/wp-content\/uploads\/Foto-Marco-fuer-Homepage-klein-150x150.jpg 150w, https:\/\/www.volkstheater.ch\/wp-content\/uploads\/Foto-Marco-fuer-Homepage-klein-768x768.jpg 768w, https:\/\/www.volkstheater.ch\/wp-content\/uploads\/Foto-Marco-fuer-Homepage-klein.jpg 1500w\" sizes=\"auto, (max-width: 1024px) 100vw, 1024px\" \/><\/figure>\n<\/div>\n\n\n\n<div class=\"wp-block-column is-layout-flow wp-block-column-is-layout-flow\" style=\"flex-basis:66.66%\">\n<p><\/p>\n\n\n\n<p>Notre coll\u00e8gue de th\u00e9\u00e2tre Marco Sommerhalder est un juriste exp\u00e9riment\u00e9 et aide nos membres \u00e0 r\u00e9soudre des probl\u00e8mes juridiques li\u00e9s au th\u00e9\u00e2tre. <br\/>La consultation ne doit pas d\u00e9passer une heure et doit \u00eatre clairement en lien avec le th\u00e9\u00e2tre (populaire). Les demandes doivent \u00eatre adress\u00e9es <a href=\"zsv@volkstheater.ch\">au secr\u00e9tariat.<\/a> <\/p>\n\n\n\n<div style=\"height:50px\" aria-hidden=\"true\" class=\"wp-block-spacer\"><\/div>\n<\/div>\n<\/div>\n<\/div><\/div>\n\n<h2 class=\"wp-block-heading\">Reservationssystem<\/h2>\n\n<div class=\"wp-block-pb-accordion-item c-accordion__item js-accordion-item no-js\" data-initially-open=\"false\" data-click-to-close=\"true\" data-auto-close=\"true\" data-scroll=\"false\" data-scroll-offset=\"0\"><h5 id=\"at-3626\" class=\"c-accordion__title js-accordion-controller\" role=\"button\">Ticketpark<\/h5><div id=\"ac-3626\" class=\"c-accordion__content\">\n<p>R\u00e9duction encore en cours de clarification.<\/p>\n<\/div><\/div>\n\n<div class=\"wp-block-pb-accordion-item c-accordion__item js-accordion-item no-js\" data-initially-open=\"false\" data-click-to-close=\"true\" data-auto-close=\"true\" data-scroll=\"false\" data-scroll-offset=\"0\"><h5 id=\"at-3628\" class=\"c-accordion__title js-accordion-controller\" role=\"button\">Betanet<\/h5><div id=\"ac-3628\" class=\"c-accordion__content\">\n<div class=\"wp-block-columns is-layout-flex wp-container-core-columns-is-layout-9d6595d7 wp-block-columns-is-layout-flex\">\n<div class=\"wp-block-column is-layout-flow wp-block-column-is-layout-flow\" style=\"flex-basis:33.33%\">\n<figure class=\"wp-block-image size-full is-resized\"><a href=\"https:\/\/www.betanet.ch\/\" target=\"_blank\" rel=\"noreferrer noopener\"><img loading=\"lazy\" decoding=\"async\" width=\"500\" height=\"163\" src=\"https:\/\/www.volkstheater.ch\/wp-content\/uploads\/2022\/09\/Logo_betanet_def_bearbeitet_500px.png\" alt=\"\" class=\"wp-image-836\" style=\"width:150px\" srcset=\"https:\/\/www.volkstheater.ch\/wp-content\/uploads\/2022\/09\/Logo_betanet_def_bearbeitet_500px.png 500w, https:\/\/www.volkstheater.ch\/wp-content\/uploads\/2022\/09\/Logo_betanet_def_bearbeitet_500px-300x98.png 300w\" sizes=\"auto, (max-width: 500px) 100vw, 500px\" \/><\/a><\/figure>\n<\/div>\n\n\n\n<div class=\"wp-block-column is-layout-flow wp-block-column-is-layout-flow\" style=\"flex-basis:66.66%\">\n<p>50% de r\u00e9duction<\/p>\n\n\n\n<p>Syst\u00e8me de r\u00e9servation simple, \u00e9conomique et flexible gr\u00e2ce \u00e0 divers modules suppl\u00e9mentaires. Remarque : un paiement en ligne des billets par carte de cr\u00e9dit, Paypal, Twint, etc., n&rsquo;est pas propos\u00e9. Les membres b\u00e9n\u00e9ficient d&rsquo;une r\u00e9duction de 50% sur les frais d&rsquo;installation lors de la commande du syst\u00e8me.  <\/p>\n<\/div>\n<\/div>\n<\/div><\/div>\n\n<div style=\"height:50px\" aria-hidden=\"true\" class=\"wp-block-spacer\"><\/div>\n","protected":false},"excerpt":{"rendered":"<p>Reservationssystem<\/p>\n","protected":false},"author":11,"featured_media":0,"parent":0,"menu_order":0,"comment_status":"closed","ping_status":"closed","template":"","meta":{"_acf_changed":false,"inline_featured_image":false,"footnotes":""},"class_list":["post-5776","page","type-page","status-publish","hentry"],"acf":[],"yoast_head":"<!-- This site is optimized with the Yoast SEO plugin v27.4 - https:\/\/yoast.com\/product\/yoast-seo-wordpress\/ -->\n<title>Avantages - Zentralverband Schweizer Volkstheater<\/title>\n<meta name=\"robots\" content=\"index, follow, max-snippet:-1, max-image-preview:large, max-video-preview:-1\" \/>\n<link rel=\"canonical\" href=\"https:\/\/www.volkstheater.ch\/fr\/avantages\/\" \/>\n<meta property=\"og:locale\" content=\"fr_FR\" \/>\n<meta property=\"og:type\" content=\"article\" \/>\n<meta property=\"og:title\" content=\"Avantages - Zentralverband Schweizer Volkstheater\" \/>\n<meta property=\"og:description\" content=\"Reservationssystem\" \/>\n<meta property=\"og:url\" content=\"https:\/\/www.volkstheater.ch\/fr\/avantages\/\" \/>\n<meta property=\"og:site_name\" content=\"Zentralverband Schweizer Volkstheater\" \/>\n<meta property=\"article:modified_time\" content=\"2026-01-27T14:37:43+00:00\" \/>\n<meta property=\"og:image\" content=\"https:\/\/www.volkstheater.ch\/wp-content\/uploads\/2022\/10\/guidle.png\" \/>\n\t<meta property=\"og:image:width\" content=\"272\" \/>\n\t<meta property=\"og:image:height\" content=\"185\" \/>\n\t<meta property=\"og:image:type\" content=\"image\/png\" \/>\n<meta name=\"twitter:card\" content=\"summary_large_image\" \/>\n<meta name=\"twitter:label1\" content=\"Dur\u00e9e de lecture estim\u00e9e\" \/>\n\t<meta name=\"twitter:data1\" content=\"4 minutes\" \/>\n<script type=\"application\/ld+json\" class=\"yoast-schema-graph\">{\"@context\":\"https:\\\/\\\/schema.org\",\"@graph\":[{\"@type\":\"WebPage\",\"@id\":\"https:\\\/\\\/www.volkstheater.ch\\\/fr\\\/avantages\\\/\",\"url\":\"https:\\\/\\\/www.volkstheater.ch\\\/fr\\\/avantages\\\/\",\"name\":\"Avantages - Zentralverband Schweizer Volkstheater\",\"isPartOf\":{\"@id\":\"https:\\\/\\\/www.volkstheater.ch\\\/#website\"},\"primaryImageOfPage\":{\"@id\":\"https:\\\/\\\/www.volkstheater.ch\\\/fr\\\/avantages\\\/#primaryimage\"},\"image\":{\"@id\":\"https:\\\/\\\/www.volkstheater.ch\\\/fr\\\/avantages\\\/#primaryimage\"},\"thumbnailUrl\":\"https:\\\/\\\/www.volkstheater.ch\\\/wp-content\\\/uploads\\\/2022\\\/10\\\/guidle.png\",\"datePublished\":\"2023-05-16T03:15:00+00:00\",\"dateModified\":\"2026-01-27T14:37:43+00:00\",\"breadcrumb\":{\"@id\":\"https:\\\/\\\/www.volkstheater.ch\\\/fr\\\/avantages\\\/#breadcrumb\"},\"inLanguage\":\"fr-FR\",\"potentialAction\":[{\"@type\":\"ReadAction\",\"target\":[\"https:\\\/\\\/www.volkstheater.ch\\\/fr\\\/avantages\\\/\"]}]},{\"@type\":\"ImageObject\",\"inLanguage\":\"fr-FR\",\"@id\":\"https:\\\/\\\/www.volkstheater.ch\\\/fr\\\/avantages\\\/#primaryimage\",\"url\":\"https:\\\/\\\/www.volkstheater.ch\\\/wp-content\\\/uploads\\\/2022\\\/10\\\/guidle.png\",\"contentUrl\":\"https:\\\/\\\/www.volkstheater.ch\\\/wp-content\\\/uploads\\\/2022\\\/10\\\/guidle.png\"},{\"@type\":\"BreadcrumbList\",\"@id\":\"https:\\\/\\\/www.volkstheater.ch\\\/fr\\\/avantages\\\/#breadcrumb\",\"itemListElement\":[{\"@type\":\"ListItem\",\"position\":1,\"name\":\"Startseite\",\"item\":\"https:\\\/\\\/www.volkstheater.ch\\\/fr\\\/\"},{\"@type\":\"ListItem\",\"position\":2,\"name\":\"Avantages\"}]},{\"@type\":\"WebSite\",\"@id\":\"https:\\\/\\\/www.volkstheater.ch\\\/#website\",\"url\":\"https:\\\/\\\/www.volkstheater.ch\\\/\",\"name\":\"Zentralverband Schweizer Volkstheater\",\"description\":\"Dachverband des Amateurtheaters in der deutschen und r\u00e4toromanischen Schweiz\",\"potentialAction\":[{\"@type\":\"SearchAction\",\"target\":{\"@type\":\"EntryPoint\",\"urlTemplate\":\"https:\\\/\\\/www.volkstheater.ch\\\/?s={search_term_string}\"},\"query-input\":{\"@type\":\"PropertyValueSpecification\",\"valueRequired\":true,\"valueName\":\"search_term_string\"}}],\"inLanguage\":\"fr-FR\"}]}<\/script>\n<!-- \/ Yoast SEO plugin. -->","yoast_head_json":{"title":"Avantages - Zentralverband Schweizer Volkstheater","robots":{"index":"index","follow":"follow","max-snippet":"max-snippet:-1","max-image-preview":"max-image-preview:large","max-video-preview":"max-video-preview:-1"},"canonical":"https:\/\/www.volkstheater.ch\/fr\/avantages\/","og_locale":"fr_FR","og_type":"article","og_title":"Avantages - Zentralverband Schweizer Volkstheater","og_description":"Reservationssystem","og_url":"https:\/\/www.volkstheater.ch\/fr\/avantages\/","og_site_name":"Zentralverband Schweizer Volkstheater","article_modified_time":"2026-01-27T14:37:43+00:00","og_image":[{"width":272,"height":185,"url":"https:\/\/www.volkstheater.ch\/wp-content\/uploads\/2022\/10\/guidle.png","type":"image\/png"}],"twitter_card":"summary_large_image","twitter_misc":{"Dur\u00e9e de lecture estim\u00e9e":"4 minutes"},"schema":{"@context":"https:\/\/schema.org","@graph":[{"@type":"WebPage","@id":"https:\/\/www.volkstheater.ch\/fr\/avantages\/","url":"https:\/\/www.volkstheater.ch\/fr\/avantages\/","name":"Avantages - Zentralverband Schweizer Volkstheater","isPartOf":{"@id":"https:\/\/www.volkstheater.ch\/#website"},"primaryImageOfPage":{"@id":"https:\/\/www.volkstheater.ch\/fr\/avantages\/#primaryimage"},"image":{"@id":"https:\/\/www.volkstheater.ch\/fr\/avantages\/#primaryimage"},"thumbnailUrl":"https:\/\/www.volkstheater.ch\/wp-content\/uploads\/2022\/10\/guidle.png","datePublished":"2023-05-16T03:15:00+00:00","dateModified":"2026-01-27T14:37:43+00:00","breadcrumb":{"@id":"https:\/\/www.volkstheater.ch\/fr\/avantages\/#breadcrumb"},"inLanguage":"fr-FR","potentialAction":[{"@type":"ReadAction","target":["https:\/\/www.volkstheater.ch\/fr\/avantages\/"]}]},{"@type":"ImageObject","inLanguage":"fr-FR","@id":"https:\/\/www.volkstheater.ch\/fr\/avantages\/#primaryimage","url":"https:\/\/www.volkstheater.ch\/wp-content\/uploads\/2022\/10\/guidle.png","contentUrl":"https:\/\/www.volkstheater.ch\/wp-content\/uploads\/2022\/10\/guidle.png"},{"@type":"BreadcrumbList","@id":"https:\/\/www.volkstheater.ch\/fr\/avantages\/#breadcrumb","itemListElement":[{"@type":"ListItem","position":1,"name":"Startseite","item":"https:\/\/www.volkstheater.ch\/fr\/"},{"@type":"ListItem","position":2,"name":"Avantages"}]},{"@type":"WebSite","@id":"https:\/\/www.volkstheater.ch\/#website","url":"https:\/\/www.volkstheater.ch\/","name":"Zentralverband Schweizer Volkstheater","description":"Dachverband des Amateurtheaters in der deutschen und r\u00e4toromanischen Schweiz","potentialAction":[{"@type":"SearchAction","target":{"@type":"EntryPoint","urlTemplate":"https:\/\/www.volkstheater.ch\/?s={search_term_string}"},"query-input":{"@type":"PropertyValueSpecification","valueRequired":true,"valueName":"search_term_string"}}],"inLanguage":"fr-FR"}]}},"_links":{"self":[{"href":"https:\/\/www.volkstheater.ch\/fr\/wp-json\/wp\/v2\/pages\/5776","targetHints":{"allow":["GET"]}}],"collection":[{"href":"https:\/\/www.volkstheater.ch\/fr\/wp-json\/wp\/v2\/pages"}],"about":[{"href":"https:\/\/www.volkstheater.ch\/fr\/wp-json\/wp\/v2\/types\/page"}],"author":[{"embeddable":true,"href":"https:\/\/www.volkstheater.ch\/fr\/wp-json\/wp\/v2\/users\/11"}],"replies":[{"embeddable":true,"href":"https:\/\/www.volkstheater.ch\/fr\/wp-json\/wp\/v2\/comments?post=5776"}],"version-history":[{"count":5,"href":"https:\/\/www.volkstheater.ch\/fr\/wp-json\/wp\/v2\/pages\/5776\/revisions"}],"predecessor-version":[{"id":6187,"href":"https:\/\/www.volkstheater.ch\/fr\/wp-json\/wp\/v2\/pages\/5776\/revisions\/6187"}],"wp:attachment":[{"href":"https:\/\/www.volkstheater.ch\/fr\/wp-json\/wp\/v2\/media?parent=5776"}],"curies":[{"name":"wp","href":"https:\/\/api.w.org\/{rel}","templated":true}]}}