{"id":5782,"date":"2022-08-12T15:21:48","date_gmt":"2022-08-12T13:21:48","guid":{"rendered":"https:\/\/www.volkstheater.ch\/zentralverband-schweizer-volkstheater\/"},"modified":"2026-01-29T15:13:33","modified_gmt":"2026-01-29T14:13:33","slug":"zentralverband-schweizer-volkstheater","status":"publish","type":"page","link":"https:\/\/www.volkstheater.ch\/fr\/","title":{"rendered":"F\u00e9d\u00e9ration centrale<br>des th\u00e9\u00e2tres<br>populaires suisses"},"content":{"rendered":"\n<p class=\"intro\">La F\u00e9d\u00e9ration centrale des th\u00e9\u00e2tres populaires suisses (ZSV) est le point de contact central pour toutes les questions relatives au th\u00e9\u00e2tre populaire. Sept associations r\u00e9gionales sont affili\u00e9es \u00e0 la ZSV. La f\u00e9d\u00e9ration promeut et renforce le patrimoine culturel du th\u00e9\u00e2tre populaire suisse. Tous les groupes de th\u00e9\u00e2tre non professionnel en Suisse et dans la Principaut\u00e9 du Liechtenstein font partie de la famille ZSV.<\/p>\n\n<div style=\"height:50px\" aria-hidden=\"true\" class=\"wp-block-spacer\"><\/div>\n\n<h2 class=\"wp-block-heading has-text-align-center\">Actualit\u00e9s<\/h2>\n<section id=\"\" class=\"teasers \" >\n  <div class=\"row\">\n      <div class=\"teaser col-sm-6 col-lg-4 col-xl-3\">\n      <div class=\"teaser-inner\">\n        <div class=\"teaser-front\">\n          <p class=\"teaser-front-date\">29 septembre 2025<\/p>\n          <h4>Premi\u00e8re assembl\u00e9e de TAS \u00e0 Olten<\/h4>\n        <\/div>\n        <div class=\"teaser-back\">\n          Le samedi 27 septembre 2025, les d\u00e9l\u00e9gu\u00e9\u00b7e\u00b7s de TAS \u2013 Th\u00e9\u00e2tre Amateur Suisse se sont r\u00e9unis pour la premi\u00e8re fois \u00e0 Olten. Ainsi, les associations Zentralverband Schweizer Volkstheater (ZSV), F\u00e9d\u00e9ration&hellip; <a href=\"https:\/\/www.volkstheater.ch\/fr\/premiere-assemblee-de-tas-a-olten\/\" class=\"read-more\">weiterlesen<\/a>\n        <\/div>\n      <\/div>\n    <\/div>\n      <div class=\"teaser col-sm-6 col-lg-4 col-xl-3\">\n      <div class=\"teaser-inner\">\n        <div class=\"teaser-front\">\n          <p class=\"teaser-front-date\">22 juin 2025<\/p>\n          <h4>Volkstheaterfestival Meiringen 2025<\/h4>\n        <\/div>\n        <div class=\"teaser-back\">\n          Du 18 au 22 juin 2025, le Volkstheaterfestival Meiringen a c\u00e9l\u00e9br\u00e9 son 5e anniversaire &#8211; avec une participation record, 12 productions et plus de 1&rsquo;500 spectateurs&hellip; <a href=\"https:\/\/www.volkstheater.ch\/fr\/volkstheaterfestival-meiringen-2025\/\" class=\"read-more\">weiterlesen<\/a>\n        <\/div>\n      <\/div>\n    <\/div>\n      <div class=\"teaser col-sm-6 col-lg-4 col-xl-3\">\n      <div class=\"teaser-inner\">\n        <div class=\"teaser-front\">\n          <p class=\"teaser-front-date\">17 juin 2025<\/p>\n          <h4>R\u00e9trospective de l&rsquo;Assembl\u00e9e annuelle 2025<\/h4>\n        <\/div>\n        <div class=\"teaser-back\">\n          Le week-end des 14 et 15 juin 2025, environ 250 membres du la F\u00e9d\u00e9ration Centrale des Th\u00e9\u00e2tres Populaires Suisses (ZSV) se sont r\u00e9unis pour l&rsquo;Assembl\u00e9e annuelle. L&rsquo;assembl\u00e9e s&rsquo;est tenue \u00e0&hellip; <a href=\"https:\/\/www.volkstheater.ch\/fr\/retrospective-de-lassemblee-annuelle-2025\/\" class=\"read-more\">weiterlesen<\/a>\n        <\/div>\n      <\/div>\n    <\/div>\n      <div class=\"teaser col-sm-6 col-lg-4 col-xl-3\">\n      <div class=\"teaser-inner\">\n        <div class=\"teaser-front\">\n          <p class=\"teaser-front-date\">31 mai 2025<\/p>\n          <h4>Assembl\u00e9e annuelle 2025 &#8211; Documents maintenant disponibles<\/h4>\n        <\/div>\n        <div class=\"teaser-back\">\n          Les documents relatifs \u00e0 l&rsquo;assembl\u00e9e annuelle (14.6.2025) sont d\u00e8s maintenant disponibles en ligne sur notre site web: volkstheater.ch\/jvzsv2025 Les documents suivants de l&rsquo;assembl\u00e9e sont disponibles&hellip; <a href=\"https:\/\/www.volkstheater.ch\/fr\/assemblee-annuelle-2025-documents-maintenant-disponibles\/\" class=\"read-more\">weiterlesen<\/a>\n        <\/div>\n      <\/div>\n    <\/div>\n    <\/div>\n<\/section>\n\n<div class=\"wp-block-buttons is-content-justification-center is-layout-flex wp-container-core-buttons-is-layout-16018d1d wp-block-buttons-is-layout-flex\">\n<div class=\"wp-block-button\"><a class=\"wp-block-button__link wp-element-button\" href=\"https:\/\/www.volkstheater.ch\/fr\/actualites\/\">toutes les nouvelles<\/a><\/div>\n<\/div>\n\n<div style=\"height:100px\" aria-hidden=\"true\" class=\"wp-block-spacer\"><\/div>\n\n<h2 class=\"wp-block-heading has-text-align-center\">Calendrier des spectacles<\/h2>\n\n  \n      <iframe name=\"guidle_iframe-MJ14fA\" data-src=\"https:\/\/microsite.guidle.com\/de\/mr_MJ14fA\" allowtransparency=\"yes\" frameborder=\"0\" scrolling=\"no\" style=\"width:1px;min-width:100%\" height=\"400\" id=\"guidle_iframe-MJ14fA\"><\/iframe>\n  \n<div class=\"wp-block-buttons is-content-justification-center is-layout-flex wp-container-core-buttons-is-layout-16018d1d wp-block-buttons-is-layout-flex\">\n<div class=\"wp-block-button\"><a class=\"wp-block-button__link wp-element-button\" href=\"https:\/\/www.volkstheater.ch\/fr\/calendrier-des-spectacles\/\">toutes les manifestations<\/a><\/div>\n<\/div>\n\n<div style=\"height:100px\" aria-hidden=\"true\" class=\"wp-block-spacer\"><\/div>\n","protected":false},"excerpt":{"rendered":"<p>La F\u00e9d\u00e9ration centrale des th\u00e9\u00e2tres populaires suisses (ZSV) est le point de contact central pour toutes les questions relatives au th\u00e9\u00e2tre populaire. Sept associations r\u00e9gionales sont affili\u00e9es \u00e0 la ZSV. La f\u00e9d\u00e9ration promeut et renforce le patrimoine culturel du th\u00e9\u00e2tre populaire suisse. Tous les groupes de th\u00e9\u00e2tre non professionnel en Suisse et dans la Principaut\u00e9 [&hellip;]<\/p>\n","protected":false},"author":11,"featured_media":1000,"parent":0,"menu_order":0,"comment_status":"closed","ping_status":"closed","template":"","meta":{"_acf_changed":false,"inline_featured_image":false,"footnotes":""},"class_list":["post-5782","page","type-page","status-publish","has-post-thumbnail","hentry"],"acf":[],"yoast_head":"<!-- This site is optimized with the Yoast SEO plugin v27.4 - https:\/\/yoast.com\/product\/yoast-seo-wordpress\/ -->\n<title>F\u00e9d\u00e9ration centraledes th\u00e9\u00e2trespopulaires suisses - Zentralverband Schweizer Volkstheater<\/title>\n<meta name=\"robots\" content=\"index, follow, max-snippet:-1, max-image-preview:large, max-video-preview:-1\" \/>\n<link rel=\"canonical\" href=\"https:\/\/www.volkstheater.ch\/fr\/\" \/>\n<meta property=\"og:locale\" content=\"fr_FR\" \/>\n<meta property=\"og:type\" content=\"article\" \/>\n<meta property=\"og:title\" content=\"F\u00e9d\u00e9ration centraledes th\u00e9\u00e2trespopulaires suisses - Zentralverband Schweizer Volkstheater\" \/>\n<meta property=\"og:description\" content=\"La F\u00e9d\u00e9ration centrale des th\u00e9\u00e2tres populaires suisses (ZSV) est le point de contact central pour toutes les questions relatives au th\u00e9\u00e2tre populaire. Sept associations r\u00e9gionales sont affili\u00e9es \u00e0 la ZSV. La f\u00e9d\u00e9ration promeut et renforce le patrimoine culturel du th\u00e9\u00e2tre populaire suisse. Tous les groupes de th\u00e9\u00e2tre non professionnel en Suisse et dans la Principaut\u00e9 [&hellip;]\" \/>\n<meta property=\"og:url\" content=\"https:\/\/www.volkstheater.ch\/fr\/\" \/>\n<meta property=\"og:site_name\" content=\"Zentralverband Schweizer Volkstheater\" \/>\n<meta property=\"article:modified_time\" content=\"2026-01-29T14:13:33+00:00\" \/>\n<meta property=\"og:image\" content=\"https:\/\/www.volkstheater.ch\/wp-content\/uploads\/2022\/09\/Theater_017-scaled.jpg\" \/>\n\t<meta property=\"og:image:width\" content=\"2560\" \/>\n\t<meta property=\"og:image:height\" content=\"1707\" \/>\n\t<meta property=\"og:image:type\" content=\"image\/jpeg\" \/>\n<meta name=\"twitter:card\" content=\"summary_large_image\" \/>\n<meta name=\"twitter:label1\" content=\"Dur\u00e9e de lecture estim\u00e9e\" \/>\n\t<meta name=\"twitter:data1\" content=\"1 minute\" \/>\n<script type=\"application\/ld+json\" class=\"yoast-schema-graph\">{\"@context\":\"https:\\\/\\\/schema.org\",\"@graph\":[{\"@type\":\"WebPage\",\"@id\":\"https:\\\/\\\/www.volkstheater.ch\\\/fr\\\/\",\"url\":\"https:\\\/\\\/www.volkstheater.ch\\\/fr\\\/\",\"name\":\"F\u00e9d\u00e9ration centrale des th\u00e9\u00e2tres populaires suisses - Zentralverband Schweizer Volkstheater\",\"isPartOf\":{\"@id\":\"https:\\\/\\\/www.volkstheater.ch\\\/#website\"},\"primaryImageOfPage\":{\"@id\":\"https:\\\/\\\/www.volkstheater.ch\\\/fr\\\/#primaryimage\"},\"image\":{\"@id\":\"https:\\\/\\\/www.volkstheater.ch\\\/fr\\\/#primaryimage\"},\"thumbnailUrl\":\"https:\\\/\\\/www.volkstheater.ch\\\/wp-content\\\/uploads\\\/2022\\\/09\\\/Theater_017-scaled.jpg\",\"datePublished\":\"2022-08-12T13:21:48+00:00\",\"dateModified\":\"2026-01-29T14:13:33+00:00\",\"breadcrumb\":{\"@id\":\"https:\\\/\\\/www.volkstheater.ch\\\/fr\\\/#breadcrumb\"},\"inLanguage\":\"fr-FR\",\"potentialAction\":[{\"@type\":\"ReadAction\",\"target\":[\"https:\\\/\\\/www.volkstheater.ch\\\/fr\\\/\"]}]},{\"@type\":\"ImageObject\",\"inLanguage\":\"fr-FR\",\"@id\":\"https:\\\/\\\/www.volkstheater.ch\\\/fr\\\/#primaryimage\",\"url\":\"https:\\\/\\\/www.volkstheater.ch\\\/wp-content\\\/uploads\\\/2022\\\/09\\\/Theater_017-scaled.jpg\",\"contentUrl\":\"https:\\\/\\\/www.volkstheater.ch\\\/wp-content\\\/uploads\\\/2022\\\/09\\\/Theater_017-scaled.jpg\",\"width\":2560,\"height\":1707},{\"@type\":\"BreadcrumbList\",\"@id\":\"https:\\\/\\\/www.volkstheater.ch\\\/fr\\\/#breadcrumb\",\"itemListElement\":[{\"@type\":\"ListItem\",\"position\":1,\"name\":\"Startseite\",\"item\":\"https:\\\/\\\/www.volkstheater.ch\\\/fr\\\/\"},{\"@type\":\"ListItem\",\"position\":2,\"name\":\"F\u00e9d\u00e9ration centraledes th\u00e9\u00e2trespopulaires suisses\"}]},{\"@type\":\"WebSite\",\"@id\":\"https:\\\/\\\/www.volkstheater.ch\\\/#website\",\"url\":\"https:\\\/\\\/www.volkstheater.ch\\\/\",\"name\":\"Zentralverband Schweizer Volkstheater\",\"description\":\"Dachverband des Amateurtheaters in der deutschen und r\u00e4toromanischen Schweiz\",\"potentialAction\":[{\"@type\":\"SearchAction\",\"target\":{\"@type\":\"EntryPoint\",\"urlTemplate\":\"https:\\\/\\\/www.volkstheater.ch\\\/?s={search_term_string}\"},\"query-input\":{\"@type\":\"PropertyValueSpecification\",\"valueRequired\":true,\"valueName\":\"search_term_string\"}}],\"inLanguage\":\"fr-FR\"}]}<\/script>\n<!-- \/ Yoast SEO plugin. -->","yoast_head_json":{"title":"F\u00e9d\u00e9ration centraledes th\u00e9\u00e2trespopulaires suisses - Zentralverband Schweizer Volkstheater","robots":{"index":"index","follow":"follow","max-snippet":"max-snippet:-1","max-image-preview":"max-image-preview:large","max-video-preview":"max-video-preview:-1"},"canonical":"https:\/\/www.volkstheater.ch\/fr\/","og_locale":"fr_FR","og_type":"article","og_title":"F\u00e9d\u00e9ration centraledes th\u00e9\u00e2trespopulaires suisses - Zentralverband Schweizer Volkstheater","og_description":"La F\u00e9d\u00e9ration centrale des th\u00e9\u00e2tres populaires suisses (ZSV) est le point de contact central pour toutes les questions relatives au th\u00e9\u00e2tre populaire. Sept associations r\u00e9gionales sont affili\u00e9es \u00e0 la ZSV. La f\u00e9d\u00e9ration promeut et renforce le patrimoine culturel du th\u00e9\u00e2tre populaire suisse. Tous les groupes de th\u00e9\u00e2tre non professionnel en Suisse et dans la Principaut\u00e9 [&hellip;]","og_url":"https:\/\/www.volkstheater.ch\/fr\/","og_site_name":"Zentralverband Schweizer Volkstheater","article_modified_time":"2026-01-29T14:13:33+00:00","og_image":[{"width":2560,"height":1707,"url":"https:\/\/www.volkstheater.ch\/wp-content\/uploads\/2022\/09\/Theater_017-scaled.jpg","type":"image\/jpeg"}],"twitter_card":"summary_large_image","twitter_misc":{"Dur\u00e9e de lecture estim\u00e9e":"1 minute"},"schema":{"@context":"https:\/\/schema.org","@graph":[{"@type":"WebPage","@id":"https:\/\/www.volkstheater.ch\/fr\/","url":"https:\/\/www.volkstheater.ch\/fr\/","name":"F\u00e9d\u00e9ration centrale des th\u00e9\u00e2tres populaires suisses - Zentralverband Schweizer Volkstheater","isPartOf":{"@id":"https:\/\/www.volkstheater.ch\/#website"},"primaryImageOfPage":{"@id":"https:\/\/www.volkstheater.ch\/fr\/#primaryimage"},"image":{"@id":"https:\/\/www.volkstheater.ch\/fr\/#primaryimage"},"thumbnailUrl":"https:\/\/www.volkstheater.ch\/wp-content\/uploads\/2022\/09\/Theater_017-scaled.jpg","datePublished":"2022-08-12T13:21:48+00:00","dateModified":"2026-01-29T14:13:33+00:00","breadcrumb":{"@id":"https:\/\/www.volkstheater.ch\/fr\/#breadcrumb"},"inLanguage":"fr-FR","potentialAction":[{"@type":"ReadAction","target":["https:\/\/www.volkstheater.ch\/fr\/"]}]},{"@type":"ImageObject","inLanguage":"fr-FR","@id":"https:\/\/www.volkstheater.ch\/fr\/#primaryimage","url":"https:\/\/www.volkstheater.ch\/wp-content\/uploads\/2022\/09\/Theater_017-scaled.jpg","contentUrl":"https:\/\/www.volkstheater.ch\/wp-content\/uploads\/2022\/09\/Theater_017-scaled.jpg","width":2560,"height":1707},{"@type":"BreadcrumbList","@id":"https:\/\/www.volkstheater.ch\/fr\/#breadcrumb","itemListElement":[{"@type":"ListItem","position":1,"name":"Startseite","item":"https:\/\/www.volkstheater.ch\/fr\/"},{"@type":"ListItem","position":2,"name":"F\u00e9d\u00e9ration centraledes th\u00e9\u00e2trespopulaires suisses"}]},{"@type":"WebSite","@id":"https:\/\/www.volkstheater.ch\/#website","url":"https:\/\/www.volkstheater.ch\/","name":"Zentralverband Schweizer Volkstheater","description":"Dachverband des Amateurtheaters in der deutschen und r\u00e4toromanischen Schweiz","potentialAction":[{"@type":"SearchAction","target":{"@type":"EntryPoint","urlTemplate":"https:\/\/www.volkstheater.ch\/?s={search_term_string}"},"query-input":{"@type":"PropertyValueSpecification","valueRequired":true,"valueName":"search_term_string"}}],"inLanguage":"fr-FR"}]}},"_links":{"self":[{"href":"https:\/\/www.volkstheater.ch\/fr\/wp-json\/wp\/v2\/pages\/5782","targetHints":{"allow":["GET"]}}],"collection":[{"href":"https:\/\/www.volkstheater.ch\/fr\/wp-json\/wp\/v2\/pages"}],"about":[{"href":"https:\/\/www.volkstheater.ch\/fr\/wp-json\/wp\/v2\/types\/page"}],"author":[{"embeddable":true,"href":"https:\/\/www.volkstheater.ch\/fr\/wp-json\/wp\/v2\/users\/11"}],"replies":[{"embeddable":true,"href":"https:\/\/www.volkstheater.ch\/fr\/wp-json\/wp\/v2\/comments?post=5782"}],"version-history":[{"count":3,"href":"https:\/\/www.volkstheater.ch\/fr\/wp-json\/wp\/v2\/pages\/5782\/revisions"}],"predecessor-version":[{"id":6189,"href":"https:\/\/www.volkstheater.ch\/fr\/wp-json\/wp\/v2\/pages\/5782\/revisions\/6189"}],"wp:featuredmedia":[{"embeddable":true,"href":"https:\/\/www.volkstheater.ch\/fr\/wp-json\/wp\/v2\/media\/1000"}],"wp:attachment":[{"href":"https:\/\/www.volkstheater.ch\/fr\/wp-json\/wp\/v2\/media?parent=5782"}],"curies":[{"name":"wp","href":"https:\/\/api.w.org\/{rel}","templated":true}]}}