{"id":5896,"date":"2022-09-26T09:39:11","date_gmt":"2022-09-26T07:39:11","guid":{"rendered":"https:\/\/www.volkstheater.ch\/engagement\/"},"modified":"2025-09-03T12:57:40","modified_gmt":"2025-09-03T10:57:40","slug":"engagement","status":"publish","type":"page","link":"https:\/\/www.volkstheater.ch\/fr\/engagement\/","title":{"rendered":"Engagement"},"content":{"rendered":"\n<h2 class=\"wp-block-heading\">Engag\u00e9 au niveau national<\/h2>\n\n\n\n<p>Le th\u00e9\u00e2tre signifie aussi la rencontre de personnes tr\u00e8s diff\u00e9rentes partageant le m\u00eame int\u00e9r\u00eat. Les festivals en Suisse et \u00e0 l&rsquo;\u00e9tranger offrent la possibilit\u00e9 d&rsquo;\u00e9changer avec des passionn\u00e9s sur le plan professionnel. Pour le public, ils repr\u00e9sentent une occasion unique d&rsquo;appr\u00e9cier des mises en sc\u00e8ne exceptionnelles de diff\u00e9rentes r\u00e9gions, concentr\u00e9es dans un m\u00eame lieu et un m\u00eame temps. L&rsquo;ambiance des festivals de th\u00e9\u00e2tre est toujours quelque chose de tr\u00e8s particulier et hautement addictif.   <\/p>\n\n\n\n<p>En plus des festivals pr\u00e9sent\u00e9s ici, qui ont un lien avec la Suisse et les associations partenaires, les appels \u00e0 participation internationaux sont publi\u00e9s dans la rubrique News.<\/p>\n\n\n\n<p><\/p>\n\n\n\n<p><\/p>\n\n\n\n<div style=\"height:20px\" aria-hidden=\"true\" class=\"wp-block-spacer\"><\/div>\n\n\n\n<div class=\"wp-block-pb-accordion-item c-accordion__item js-accordion-item no-js\" data-initially-open=\"false\" data-click-to-close=\"true\" data-auto-close=\"true\" data-scroll=\"false\" data-scroll-offset=\"0\"><h6 id=\"at-58960\" class=\"c-accordion__title js-accordion-controller\" role=\"button\">Biennale<br><\/h6><div id=\"ac-58960\" class=\"c-accordion__content\">\n<figure class=\"wp-block-image size-large is-resized\"><img loading=\"lazy\" decoding=\"async\" width=\"1024\" height=\"168\" src=\"https:\/\/www.volkstheater.ch\/wp-content\/uploads\/2022\/10\/Logo_Biennale_kor2018-1-1024x168.jpg\" alt=\"\" class=\"wp-image-1934\" srcset=\"https:\/\/www.volkstheater.ch\/wp-content\/uploads\/2022\/10\/Logo_Biennale_kor2018-1-1024x168.jpg 1024w, https:\/\/www.volkstheater.ch\/wp-content\/uploads\/2022\/10\/Logo_Biennale_kor2018-1-300x49.jpg 300w, https:\/\/www.volkstheater.ch\/wp-content\/uploads\/2022\/10\/Logo_Biennale_kor2018-1-768x126.jpg 768w, https:\/\/www.volkstheater.ch\/wp-content\/uploads\/2022\/10\/Logo_Biennale_kor2018-1-1536x251.jpg 1536w, https:\/\/www.volkstheater.ch\/wp-content\/uploads\/2022\/10\/Logo_Biennale_kor2018-1-2048x335.jpg 2048w\" sizes=\"auto, (max-width: 1024px) 100vw, 1024px\" \/><\/figure>\n\n\n\n<p>Dans les quatre r\u00e9gions linguistiques de la Suisse, il existe des associations qui s&rsquo;occupent des int\u00e9r\u00eats du th\u00e9\u00e2tre amateur. L&rsquo;<a rel=\"noreferrer noopener\" href=\"http:\/\/www.bvv.ch\/\" target=\"_blank\">Uniun grischuna per il teater popular (UTP)<\/a> de la Suisse romanche fait depuis longtemps partie du Zentralverband Schweizer Volkstheater (ZSV), qui couvre la Suisse al\u00e9manique. Et la <a rel=\"noreferrer noopener\" href=\"http:\/\/www.fssta.ch\/index.php\/fr\/qui-sommes-nous-rsp\" target=\"_blank\">F\u00e9d\u00e9ration Suisse des Soci\u00e9t\u00e9s Th\u00e9\u00e2trales d&rsquo;Amateurs (FSSTA)<\/a> de Suisse romande repr\u00e9sente \u00e9galement depuis quelque temps les int\u00e9r\u00eats de la <a rel=\"noreferrer noopener\" href=\"http:\/\/www.ffsi.ch\/\" target=\"_blank\">Federazione Filodrammatiche della Svizzera Italiana (FFSI)<\/a>, actuellement en dormance.  <\/p>\n\n\n\n<p>Ces associations ont sign\u00e9 un pacte d&rsquo;amiti\u00e9 \u00e0 Fribourg en 1991, \u00e0 l&rsquo;occasion du 700e anniversaire de la Conf\u00e9d\u00e9ration. L&rsquo;objectif principal de ce pacte est de rapprocher les quatre cultures et de cultiver et promouvoir les \u00e9changes culturels. Pour concr\u00e9tiser cette collaboration, une Biennale du th\u00e9\u00e2tre amateur suisse a \u00e9t\u00e9 cr\u00e9\u00e9e, se d\u00e9roulant \u00e0 tour de r\u00f4le dans l&rsquo;une des r\u00e9gions linguistiques tous les deux ans.<br><br><a href=\"https:\/\/www.facebook.com\/profile.php?id=100080351265413\" data-type=\"URL\" data-id=\"https:\/\/www.facebook.com\/profile.php?id=100080351265413\" target=\"_blank\" rel=\"noreferrer noopener\">Voici quelques impressions de la derni\u00e8re Biennale.<\/a>  <\/p>\n\n\n\n<p><\/p>\n<\/div><\/div>\n\n\n\n<div class=\"wp-block-pb-accordion-item c-accordion__item js-accordion-item no-js\" data-initially-open=\"false\" data-click-to-close=\"true\" data-auto-close=\"true\" data-scroll=\"false\" data-scroll-offset=\"0\"><h6 id=\"at-58961\" class=\"c-accordion__title js-accordion-controller\" role=\"button\">Volkstheaterfestival Meiringen<\/h6><div id=\"ac-58961\" class=\"c-accordion__content\">\n<figure class=\"wp-block-image size-full is-resized is-style-default\"><a href=\"https:\/\/volkstheaterfestival.ch\/?utm_source=zsv&amp;utm_medium=banner&amp;utm_campaign=vtfm2025\" target=\"_blank\" rel=\"noreferrer noopener\"><img loading=\"lazy\" decoding=\"async\" width=\"1006\" height=\"633\" src=\"https:\/\/www.volkstheater.ch\/wp-content\/uploads\/2022\/10\/Logo-Festival-Meiringen.png\" alt=\"\" class=\"wp-image-1174\" style=\"width:171px;height:auto\" srcset=\"https:\/\/www.volkstheater.ch\/wp-content\/uploads\/2022\/10\/Logo-Festival-Meiringen.png 1006w, https:\/\/www.volkstheater.ch\/wp-content\/uploads\/2022\/10\/Logo-Festival-Meiringen-300x189.png 300w, https:\/\/www.volkstheater.ch\/wp-content\/uploads\/2022\/10\/Logo-Festival-Meiringen-768x483.png 768w\" sizes=\"auto, (max-width: 1006px) 100vw, 1006px\" \/><\/a><\/figure>\n\n\n\n<p>L&rsquo;\u00e9v\u00e9nement pour les cr\u00e9ateurs de th\u00e9\u00e2tre amateur de toute la Suisse. \u00c0 la mi-juin, Meiringen se transforme en mecque pour les amateurs de th\u00e9\u00e2tre de tous horizons. Pendant cinq jours, huit repr\u00e9sentations th\u00e9\u00e2trales se d\u00e9roulent dans l&rsquo;ancien d\u00e9p\u00f4t de tramway charg\u00e9 d&rsquo;histoire. En compl\u00e9ment, des cours de th\u00e9\u00e2tre sont propos\u00e9s avec des intervenants du ZSV et de la Gesamtschule f\u00fcr Theater Grenchen (GTG). Le village th\u00e9\u00e2tral, situ\u00e9 juste \u00e0 c\u00f4t\u00e9 de l&rsquo;espace sc\u00e9nique, offre toutes sortes de restauration, une ambiance conviviale et des \u00e9changes entre gens de th\u00e9\u00e2tre.   <\/p>\n\n\n\n<p>De juin \u00e0 avril, les troupes de th\u00e9\u00e2tre non professionnelles de toute la Suisse peuvent s&rsquo;inscrire. Les groupes sont \u00e9valu\u00e9s par une commission th\u00e9\u00e2trale et participent \u00e0 un processus de s\u00e9lection. \u00c0 l&rsquo;issue de cette proc\u00e9dure, les huit mises en sc\u00e8ne les plus int\u00e9ressantes sont s\u00e9lectionn\u00e9es et invit\u00e9es \u00e0 se produire \u00e0 Meiringen.  <\/p>\n\n\n\n<p>Ces huit groupes b\u00e9n\u00e9ficient, du mercredi au dimanche, de la pension compl\u00e8te gratuite, de l&rsquo;entr\u00e9e libre aux diff\u00e9rentes repr\u00e9sentations th\u00e9\u00e2trales, peuvent participer gratuitement aux cours de th\u00e9\u00e2tre et re\u00e7oivent diverses opportunit\u00e9s de visiter Meiringen et ses environs avec leurs attractions touristiques.<\/p>\n\n\n\n<p>L&rsquo;objectif du Volkstheaterfestival Meiringen est de cr\u00e9er des liens entre les cr\u00e9ateurs de th\u00e9\u00e2tre de toute la Suisse. \u00c0 l&rsquo;avenir, cela devrait \u00e9galement inclure des troupes de th\u00e9\u00e2tre francophones, italophones et romanches. <\/p>\n\n\n\n<p><\/p>\n<\/div><\/div>\n\n\n\n<div class=\"wp-block-pb-accordion-item c-accordion__item js-accordion-item no-js\" data-initially-open=\"false\" data-click-to-close=\"true\" data-auto-close=\"true\" data-scroll=\"false\" data-scroll-offset=\"0\"><h6 id=\"at-58962\" class=\"c-accordion__title js-accordion-controller\" role=\"button\">Internationales Kinder- und Jugendtheaterfest Turgi<\/h6><div id=\"ac-58962\" class=\"c-accordion__content\">\n<figure class=\"wp-block-image size-full is-resized\"><a href=\"https:\/\/www.kjt-turgi.ch\/wp\/\" target=\"_blank\" rel=\"noreferrer noopener\"><img loading=\"lazy\" decoding=\"async\" width=\"500\" height=\"373\" src=\"https:\/\/www.volkstheater.ch\/wp-content\/uploads\/2022\/10\/KTF-1.png\" alt=\"\" class=\"wp-image-1466\" srcset=\"https:\/\/www.volkstheater.ch\/wp-content\/uploads\/2022\/10\/KTF-1.png 500w, https:\/\/www.volkstheater.ch\/wp-content\/uploads\/2022\/10\/KTF-1-300x224.png 300w\" sizes=\"auto, (max-width: 500px) 100vw, 500px\" \/><\/a><\/figure>\n\n\n\n<p>Le festival de th\u00e9\u00e2tre pour enfants offre \u00e0 Turgi, \u00e0 intervalles irr\u00e9guliers pendant une semaine en \u00e9t\u00e9, l&rsquo;opportunit\u00e9 de cultiver les \u00e9changes et la collaboration entre les jeunes cr\u00e9ateurs de th\u00e9\u00e2tre issus de diff\u00e9rentes r\u00e9gions linguistiques et culturelles. Les diff\u00e9rentes troupes de th\u00e9\u00e2tre pr\u00e9sentent \u00e0 leurs coll\u00e8gues et \u00e0 un large public du th\u00e9\u00e2tre de haute qualit\u00e9 par et pour les enfants et les jeunes. Les jeunes jouent ensemble, observent avec int\u00e9r\u00eat et respect les repr\u00e9sentations de leurs coll\u00e8gues de th\u00e9\u00e2tre, et de nouvelles amiti\u00e9s se cr\u00e9ent tandis que les anciennes s&rsquo;approfondissent. Les repr\u00e9sentations th\u00e9\u00e2trales se d\u00e9roulent tout au long de la semaine, l&rsquo;apr\u00e8s-midi et\/ou le soir. Ce festival unique est organis\u00e9 par le <a rel=\"noreferrer noopener\" href=\"https:\/\/www.kjt-turgi.ch\/wp\/\" data-type=\"URL\" data-id=\"https:\/\/www.kjt-turgi.ch\/wp\/\" target=\"_blank\">Kinder- und Jugendtheater Turgi<\/a>.     <\/p>\n<\/div><\/div>\n\n\n\n<div style=\"height:50px\" aria-hidden=\"true\" class=\"wp-block-spacer\"><\/div>\n\n\n\n<h2 class=\"wp-block-heading\">Internationales Engagement<\/h2>\n\n\n\n<ul class=\"wp-block-list\">\n<li><a href=\"https:\/\/www.volkstheater.ch\/theaterrepublik-babylon\/\" target=\"_blank\" rel=\"noreferrer noopener\">Theaterrepublik Babylon<\/a> | Des adolescents &amp; jeunes adultes font du th\u00e9\u00e2tre.<\/li>\n\n\n\n<li><a href=\"https:\/\/www.volkstheater.ch\/edered\/\" target=\"_blank\" rel=\"noreferrer noopener\">EDERED<\/a> | De 0 \u00e0 100 &#8211; jouer du th\u00e9\u00e2tre avec d&rsquo;autres enfants &amp; jeunes d&rsquo;Europe.<\/li>\n\n\n\n<li><a href=\"https:\/\/www.volkstheater.ch\/25th-drama-in-education-conference-2024\/\">25th Drama in Education Conference 2024<\/a> | Pour tous les passionn\u00e9s de th\u00e9\u00e2tre et en particulier pour les responsables de groupes d&rsquo;enfants et de jeunes.<\/li>\n<\/ul>\n","protected":false},"excerpt":{"rendered":"<p>Engag\u00e9 au niveau national Le th\u00e9\u00e2tre signifie aussi la rencontre de personnes tr\u00e8s diff\u00e9rentes partageant le m\u00eame int\u00e9r\u00eat. Les festivals en Suisse et \u00e0 l&rsquo;\u00e9tranger offrent la possibilit\u00e9 d&rsquo;\u00e9changer avec des passionn\u00e9s sur le plan professionnel. Pour le public, ils repr\u00e9sentent une occasion unique d&rsquo;appr\u00e9cier des mises en sc\u00e8ne exceptionnelles de diff\u00e9rentes r\u00e9gions, concentr\u00e9es dans [&hellip;]<\/p>\n","protected":false},"author":4,"featured_media":1914,"parent":0,"menu_order":0,"comment_status":"closed","ping_status":"closed","template":"","meta":{"_acf_changed":false,"inline_featured_image":false,"footnotes":""},"class_list":["post-5896","page","type-page","status-publish","has-post-thumbnail","hentry"],"acf":[],"yoast_head":"<!-- This site is optimized with the Yoast SEO plugin v27.4 - https:\/\/yoast.com\/product\/yoast-seo-wordpress\/ -->\n<title>Engagement - Zentralverband Schweizer Volkstheater<\/title>\n<meta name=\"robots\" content=\"index, follow, max-snippet:-1, max-image-preview:large, max-video-preview:-1\" \/>\n<link rel=\"canonical\" href=\"https:\/\/www.volkstheater.ch\/fr\/engagement\/\" \/>\n<meta property=\"og:locale\" content=\"fr_FR\" \/>\n<meta property=\"og:type\" content=\"article\" \/>\n<meta property=\"og:title\" content=\"Engagement - Zentralverband Schweizer Volkstheater\" \/>\n<meta property=\"og:description\" content=\"Engag\u00e9 au niveau national Le th\u00e9\u00e2tre signifie aussi la rencontre de personnes tr\u00e8s diff\u00e9rentes partageant le m\u00eame int\u00e9r\u00eat. Les festivals en Suisse et \u00e0 l&rsquo;\u00e9tranger offrent la possibilit\u00e9 d&rsquo;\u00e9changer avec des passionn\u00e9s sur le plan professionnel. Pour le public, ils repr\u00e9sentent une occasion unique d&rsquo;appr\u00e9cier des mises en sc\u00e8ne exceptionnelles de diff\u00e9rentes r\u00e9gions, concentr\u00e9es dans [&hellip;]\" \/>\n<meta property=\"og:url\" content=\"https:\/\/www.volkstheater.ch\/fr\/engagement\/\" \/>\n<meta property=\"og:site_name\" content=\"Zentralverband Schweizer Volkstheater\" \/>\n<meta property=\"article:modified_time\" content=\"2025-09-03T10:57:40+00:00\" \/>\n<meta property=\"og:image\" content=\"https:\/\/www.volkstheater.ch\/wp-content\/uploads\/2022\/10\/Theater_008_website-scaled.jpg\" \/>\n\t<meta property=\"og:image:width\" content=\"2560\" \/>\n\t<meta property=\"og:image:height\" content=\"1707\" \/>\n\t<meta property=\"og:image:type\" content=\"image\/jpeg\" \/>\n<meta name=\"twitter:card\" content=\"summary_large_image\" \/>\n<meta name=\"twitter:label1\" content=\"Dur\u00e9e de lecture estim\u00e9e\" \/>\n\t<meta name=\"twitter:data1\" content=\"1 minute\" \/>\n<script type=\"application\/ld+json\" class=\"yoast-schema-graph\">{\"@context\":\"https:\\\/\\\/schema.org\",\"@graph\":[{\"@type\":\"WebPage\",\"@id\":\"https:\\\/\\\/www.volkstheater.ch\\\/fr\\\/engagement\\\/\",\"url\":\"https:\\\/\\\/www.volkstheater.ch\\\/fr\\\/engagement\\\/\",\"name\":\"Engagement - Zentralverband Schweizer Volkstheater\",\"isPartOf\":{\"@id\":\"https:\\\/\\\/www.volkstheater.ch\\\/#website\"},\"primaryImageOfPage\":{\"@id\":\"https:\\\/\\\/www.volkstheater.ch\\\/fr\\\/engagement\\\/#primaryimage\"},\"image\":{\"@id\":\"https:\\\/\\\/www.volkstheater.ch\\\/fr\\\/engagement\\\/#primaryimage\"},\"thumbnailUrl\":\"https:\\\/\\\/www.volkstheater.ch\\\/wp-content\\\/uploads\\\/2022\\\/10\\\/Theater_008_website-scaled.jpg\",\"datePublished\":\"2022-09-26T07:39:11+00:00\",\"dateModified\":\"2025-09-03T10:57:40+00:00\",\"breadcrumb\":{\"@id\":\"https:\\\/\\\/www.volkstheater.ch\\\/fr\\\/engagement\\\/#breadcrumb\"},\"inLanguage\":\"fr-FR\",\"potentialAction\":[{\"@type\":\"ReadAction\",\"target\":[\"https:\\\/\\\/www.volkstheater.ch\\\/fr\\\/engagement\\\/\"]}]},{\"@type\":\"ImageObject\",\"inLanguage\":\"fr-FR\",\"@id\":\"https:\\\/\\\/www.volkstheater.ch\\\/fr\\\/engagement\\\/#primaryimage\",\"url\":\"https:\\\/\\\/www.volkstheater.ch\\\/wp-content\\\/uploads\\\/2022\\\/10\\\/Theater_008_website-scaled.jpg\",\"contentUrl\":\"https:\\\/\\\/www.volkstheater.ch\\\/wp-content\\\/uploads\\\/2022\\\/10\\\/Theater_008_website-scaled.jpg\",\"width\":2560,\"height\":1707},{\"@type\":\"BreadcrumbList\",\"@id\":\"https:\\\/\\\/www.volkstheater.ch\\\/fr\\\/engagement\\\/#breadcrumb\",\"itemListElement\":[{\"@type\":\"ListItem\",\"position\":1,\"name\":\"Startseite\",\"item\":\"https:\\\/\\\/www.volkstheater.ch\\\/fr\\\/\"},{\"@type\":\"ListItem\",\"position\":2,\"name\":\"Engagement\"}]},{\"@type\":\"WebSite\",\"@id\":\"https:\\\/\\\/www.volkstheater.ch\\\/#website\",\"url\":\"https:\\\/\\\/www.volkstheater.ch\\\/\",\"name\":\"Zentralverband Schweizer Volkstheater\",\"description\":\"Dachverband des Amateurtheaters in der deutschen und r\u00e4toromanischen Schweiz\",\"potentialAction\":[{\"@type\":\"SearchAction\",\"target\":{\"@type\":\"EntryPoint\",\"urlTemplate\":\"https:\\\/\\\/www.volkstheater.ch\\\/?s={search_term_string}\"},\"query-input\":{\"@type\":\"PropertyValueSpecification\",\"valueRequired\":true,\"valueName\":\"search_term_string\"}}],\"inLanguage\":\"fr-FR\"}]}<\/script>\n<!-- \/ Yoast SEO plugin. -->","yoast_head_json":{"title":"Engagement - Zentralverband Schweizer Volkstheater","robots":{"index":"index","follow":"follow","max-snippet":"max-snippet:-1","max-image-preview":"max-image-preview:large","max-video-preview":"max-video-preview:-1"},"canonical":"https:\/\/www.volkstheater.ch\/fr\/engagement\/","og_locale":"fr_FR","og_type":"article","og_title":"Engagement - Zentralverband Schweizer Volkstheater","og_description":"Engag\u00e9 au niveau national Le th\u00e9\u00e2tre signifie aussi la rencontre de personnes tr\u00e8s diff\u00e9rentes partageant le m\u00eame int\u00e9r\u00eat. Les festivals en Suisse et \u00e0 l&rsquo;\u00e9tranger offrent la possibilit\u00e9 d&rsquo;\u00e9changer avec des passionn\u00e9s sur le plan professionnel. Pour le public, ils repr\u00e9sentent une occasion unique d&rsquo;appr\u00e9cier des mises en sc\u00e8ne exceptionnelles de diff\u00e9rentes r\u00e9gions, concentr\u00e9es dans [&hellip;]","og_url":"https:\/\/www.volkstheater.ch\/fr\/engagement\/","og_site_name":"Zentralverband Schweizer Volkstheater","article_modified_time":"2025-09-03T10:57:40+00:00","og_image":[{"width":2560,"height":1707,"url":"https:\/\/www.volkstheater.ch\/wp-content\/uploads\/2022\/10\/Theater_008_website-scaled.jpg","type":"image\/jpeg"}],"twitter_card":"summary_large_image","twitter_misc":{"Dur\u00e9e de lecture estim\u00e9e":"1 minute"},"schema":{"@context":"https:\/\/schema.org","@graph":[{"@type":"WebPage","@id":"https:\/\/www.volkstheater.ch\/fr\/engagement\/","url":"https:\/\/www.volkstheater.ch\/fr\/engagement\/","name":"Engagement - Zentralverband Schweizer Volkstheater","isPartOf":{"@id":"https:\/\/www.volkstheater.ch\/#website"},"primaryImageOfPage":{"@id":"https:\/\/www.volkstheater.ch\/fr\/engagement\/#primaryimage"},"image":{"@id":"https:\/\/www.volkstheater.ch\/fr\/engagement\/#primaryimage"},"thumbnailUrl":"https:\/\/www.volkstheater.ch\/wp-content\/uploads\/2022\/10\/Theater_008_website-scaled.jpg","datePublished":"2022-09-26T07:39:11+00:00","dateModified":"2025-09-03T10:57:40+00:00","breadcrumb":{"@id":"https:\/\/www.volkstheater.ch\/fr\/engagement\/#breadcrumb"},"inLanguage":"fr-FR","potentialAction":[{"@type":"ReadAction","target":["https:\/\/www.volkstheater.ch\/fr\/engagement\/"]}]},{"@type":"ImageObject","inLanguage":"fr-FR","@id":"https:\/\/www.volkstheater.ch\/fr\/engagement\/#primaryimage","url":"https:\/\/www.volkstheater.ch\/wp-content\/uploads\/2022\/10\/Theater_008_website-scaled.jpg","contentUrl":"https:\/\/www.volkstheater.ch\/wp-content\/uploads\/2022\/10\/Theater_008_website-scaled.jpg","width":2560,"height":1707},{"@type":"BreadcrumbList","@id":"https:\/\/www.volkstheater.ch\/fr\/engagement\/#breadcrumb","itemListElement":[{"@type":"ListItem","position":1,"name":"Startseite","item":"https:\/\/www.volkstheater.ch\/fr\/"},{"@type":"ListItem","position":2,"name":"Engagement"}]},{"@type":"WebSite","@id":"https:\/\/www.volkstheater.ch\/#website","url":"https:\/\/www.volkstheater.ch\/","name":"Zentralverband Schweizer Volkstheater","description":"Dachverband des Amateurtheaters in der deutschen und r\u00e4toromanischen Schweiz","potentialAction":[{"@type":"SearchAction","target":{"@type":"EntryPoint","urlTemplate":"https:\/\/www.volkstheater.ch\/?s={search_term_string}"},"query-input":{"@type":"PropertyValueSpecification","valueRequired":true,"valueName":"search_term_string"}}],"inLanguage":"fr-FR"}]}},"_links":{"self":[{"href":"https:\/\/www.volkstheater.ch\/fr\/wp-json\/wp\/v2\/pages\/5896","targetHints":{"allow":["GET"]}}],"collection":[{"href":"https:\/\/www.volkstheater.ch\/fr\/wp-json\/wp\/v2\/pages"}],"about":[{"href":"https:\/\/www.volkstheater.ch\/fr\/wp-json\/wp\/v2\/types\/page"}],"author":[{"embeddable":true,"href":"https:\/\/www.volkstheater.ch\/fr\/wp-json\/wp\/v2\/users\/4"}],"replies":[{"embeddable":true,"href":"https:\/\/www.volkstheater.ch\/fr\/wp-json\/wp\/v2\/comments?post=5896"}],"version-history":[{"count":4,"href":"https:\/\/www.volkstheater.ch\/fr\/wp-json\/wp\/v2\/pages\/5896\/revisions"}],"predecessor-version":[{"id":5958,"href":"https:\/\/www.volkstheater.ch\/fr\/wp-json\/wp\/v2\/pages\/5896\/revisions\/5958"}],"wp:featuredmedia":[{"embeddable":true,"href":"https:\/\/www.volkstheater.ch\/fr\/wp-json\/wp\/v2\/media\/1914"}],"wp:attachment":[{"href":"https:\/\/www.volkstheater.ch\/fr\/wp-json\/wp\/v2\/media?parent=5896"}],"curies":[{"name":"wp","href":"https:\/\/api.w.org\/{rel}","templated":true}]}}