{"id":5903,"date":"2022-09-01T13:59:48","date_gmt":"2022-09-01T11:59:48","guid":{"rendered":"https:\/\/www.volkstheater.ch\/vitamine-b\/"},"modified":"2025-09-03T11:10:15","modified_gmt":"2025-09-03T09:10:15","slug":"vitamine-b","status":"publish","type":"page","link":"https:\/\/www.volkstheater.ch\/fr\/vitamine-b\/","title":{"rendered":"Vitamine B"},"content":{"rendered":"\n<p><strong>aider, soutenir, mettre en relation<\/strong><\/p>\n\n<p>Les secr\u00e9tariats r\u00e9gionaux ainsi que le bureau central de l&rsquo;association fa\u00eeti\u00e8re disposent de contacts particuliers et de connaissances sp\u00e9cifiques. Tous les membres profitent de cette \u00ab\u00a0Vitamine B\u00a0\u00bb exclusive. Le r\u00e9seau th\u00e9\u00e2tral, en tant que r\u00e9seau de comp\u00e9tences, aide, soutient et met en relation.<\/p>\n\n<p><strong>Aper\u00e7u des pilules de Vitamine B<\/strong><\/p>\n\n<ul class=\"wp-block-list\"><li>Aide en cas de conflits au sein de l&rsquo;association<\/li><li>Soutien dans la recherche d&rsquo;acteurs, de formateurs, etc. au sein du r\u00e9seau th\u00e9\u00e2tral<\/li><li>Rechtsberatung<\/li><li>Conseils en strat\u00e9gie, marketing, recrutement de membres<\/li><li>Regieliste<\/li><li>\u2026.<\/li><\/ul>\n\n<p>Les secr\u00e9tariats r\u00e9gionaux et le bureau central de l&rsquo;association fa\u00eeti\u00e8re sont quotidiennement en contact avec des partenaires internes et externes. Le conseil ou la mise en relation via la \u00ab\u00a0Vitamine B\u00a0\u00bb est ouvert \u00e0 tous. Les non-membres re\u00e7oivent un renseignement.<\/p>\n<noscript class=\"ninja-forms-noscript-message\">\n\tRemarque\u00a0: JavaScript est requis pour ce contenu.<\/noscript>\n<div id=\"nf-form-2-cont\" class=\"nf-form-cont\" aria-live=\"polite\" aria-labelledby=\"nf-form-title-2\" aria-describedby=\"nf-form-errors-2\" role=\"form\">\n\n    <div class=\"nf-loading-spinner\"><\/div>\n\n<\/div>\n        <!-- That data is being printed as a workaround to page builders reordering the order of the scripts loaded-->\n        <script>var formDisplay=1;var nfForms=nfForms||[];var form=[];form.id='2';form.settings={\"objectType\":\"Form Setting\",\"editActive\":true,\"title\":\"Anmeldung f\\u00fcr Download Logos\",\"show_title\":1,\"allow_public_link\":0,\"embed_form\":\"\",\"clear_complete\":1,\"hide_complete\":1,\"default_label_pos\":\"above\",\"wrapper_class\":\"\",\"element_class\":\"\",\"key\":\"\",\"add_submit\":1,\"currency\":\"\",\"unique_field_error\":\"Ein Formular mit diesem Wert wurde bereits eingereicht.\",\"logged_in\":false,\"not_logged_in_msg\":\"\",\"sub_limit_msg\":\"Das Formular hat sein Beitragslimit erreicht.\",\"calculations\":[],\"formContentData\":[\"theatergesellschaft_1662034002512\",\"kontaktperson_1662034015710\",\"email_1662034052054\",\"senden_1662033952744\"],\"changeEmailErrorMsg\":\"Veuillez saisir une adresse de messagerie valide. Ex\\u00a0: jean.dupont@gmail.com\",\"changeDateErrorMsg\":\"Veuillez saisir une date valide\\u00a0!\",\"confirmFieldErrorMsg\":\"Ces champs doivent correspondre\\u00a0!\",\"fieldNumberNumMinError\":\"Erreur de nombre min.\",\"fieldNumberNumMaxError\":\"Erreur de nombre max.\",\"fieldNumberIncrementBy\":\"Veuillez incr\\u00e9menter par \",\"formErrorsCorrectErrors\":\"Veuillez corriger les erreurs avant d\\u2019envoyer ce formulaire.\",\"validateRequiredField\":\"Ce champ est obligatoire.\",\"honeypotHoneypotError\":\"Erreur Honeypot\",\"fieldsMarkedRequired\":\"Les champs marqu\\u00e9s d\\u2019un <span class=\\\"ninja-forms-req-symbol\\\">*<\\\/span> sont obligatoires\",\"drawerDisabled\":false,\"public_link\":\"https:\\\/\\\/www.volkstheater.ch\\\/ninja-forms\\\/2eiff\",\"public_link_key\":\"2eiff\",\"conditions\":[],\"ninjaForms\":\"Ninja Forms\",\"fieldTextareaRTEInsertLink\":\"Ins\\u00e9rer un lien\",\"fieldTextareaRTEInsertMedia\":\"Ins\\u00e9rer un m\\u00e9dia\",\"fieldTextareaRTESelectAFile\":\"S\\u00e9lectionnez un fichier\",\"formHoneypot\":\"Si vous \\u00eates un \\u00eatre humain et que vous voyez ce champ, veuillez le laisser vide.\",\"fileUploadOldCodeFileUploadInProgress\":\"T\\u00e9l\\u00e9versement du fichier en cours.\",\"fileUploadOldCodeFileUpload\":\"T\\u00c9L\\u00c9VERSEMENT DE FICHIER\",\"currencySymbol\":\"&#36;\",\"thousands_sep\":\"\\u00a0\",\"decimal_point\":\",\",\"siteLocale\":\"fr_FR\",\"dateFormat\":\"d.m.Y\",\"startOfWeek\":\"1\",\"of\":\"sur\",\"previousMonth\":\"Mois pr\\u00e9c\\u00e9dent\",\"nextMonth\":\"Mois suivant\",\"months\":[\"Janvier\",\"F\\u00e9vrier\",\"Mars\",\"Avril\",\"Mai\",\"Juin\",\"Juillet\",\"Ao\\u00fbt\",\"Septembre\",\"Octobre\",\"Novembre\",\"D\\u00e9cembre\"],\"monthsShort\":[\"Jan\",\"F\\u00e9v\",\"Mar\",\"Avr\",\"Mai\",\"Juin\",\"Juil\",\"Ao\\u00fb\",\"Sep\",\"Oct\",\"Nov\",\"D\\u00e9c\"],\"weekdays\":[\"Dimanche\",\"Lundi\",\"Mardi\",\"Mercredi\",\"Jeudi\",\"Vendredi\",\"Samedi\"],\"weekdaysShort\":[\"Dim\",\"Lun\",\"Mar\",\"Mer\",\"Jeu\",\"Ven\",\"Sam\"],\"weekdaysMin\":[\"Di\",\"Lu\",\"Ma\",\"Me\",\"Je\",\"Ve\",\"Sa\"],\"recaptchaConsentMissing\":\"reCaptcha validation couldn&#039;t load.\",\"recaptchaMissingCookie\":\"reCaptcha v3 validation couldn&#039;t load the cookie needed to submit the form.\",\"recaptchaConsentEvent\":\"Accept reCaptcha cookies before sending the form.\",\"currency_symbol\":\"\",\"beforeForm\":\"\",\"beforeFields\":\"\",\"afterFields\":\"\",\"afterForm\":\"\"};form.fields=[{\"objectType\":\"Field\",\"objectDomain\":\"fields\",\"editActive\":false,\"order\":3,\"idAttribute\":\"id\",\"type\":\"textbox\",\"label\":\"Theatergesellschaft\",\"key\":\"theatergesellschaft_1662034002512\",\"label_pos\":\"above\",\"required\":1,\"default\":\"\",\"placeholder\":\"\",\"container_class\":\"\",\"element_class\":\"\",\"input_limit\":\"\",\"input_limit_type\":\"characters\",\"input_limit_msg\":\"verbleibende(s) Zeichen\",\"manual_key\":false,\"admin_label\":\"\",\"help_text\":\"\",\"mask\":\"\",\"custom_mask\":\"\",\"custom_name_attribute\":\"\",\"personally_identifiable\":\"\",\"value\":\"\",\"drawerDisabled\":false,\"id\":9,\"beforeField\":\"\",\"afterField\":\"\",\"parentType\":\"textbox\",\"element_templates\":[\"textbox\",\"input\"],\"old_classname\":\"\",\"wrap_template\":\"wrap\"},{\"objectType\":\"Field\",\"objectDomain\":\"fields\",\"editActive\":false,\"order\":4,\"idAttribute\":\"id\",\"type\":\"textbox\",\"label\":\"Kontaktperson\",\"key\":\"kontaktperson_1662034015710\",\"label_pos\":\"above\",\"required\":1,\"default\":\"\",\"placeholder\":\"\",\"container_class\":\"\",\"element_class\":\"\",\"input_limit\":\"\",\"input_limit_type\":\"characters\",\"input_limit_msg\":\"verbleibende(s) Zeichen\",\"manual_key\":false,\"admin_label\":\"\",\"help_text\":\"\",\"mask\":\"\",\"custom_mask\":\"\",\"custom_name_attribute\":\"\",\"personally_identifiable\":\"\",\"value\":\"\",\"drawerDisabled\":false,\"id\":10,\"beforeField\":\"\",\"afterField\":\"\",\"parentType\":\"textbox\",\"element_templates\":[\"textbox\",\"input\"],\"old_classname\":\"\",\"wrap_template\":\"wrap\"},{\"objectType\":\"Field\",\"objectDomain\":\"fields\",\"editActive\":false,\"order\":5,\"idAttribute\":\"id\",\"type\":\"email\",\"label\":\"E-Mail\",\"key\":\"email_1662034052054\",\"label_pos\":\"above\",\"required\":1,\"default\":\"\",\"placeholder\":\"\",\"container_class\":\"\",\"element_class\":\"\",\"admin_label\":\"\",\"help_text\":\"\",\"custom_name_attribute\":\"email\",\"personally_identifiable\":1,\"value\":\"\",\"drawerDisabled\":false,\"id\":11,\"beforeField\":\"\",\"afterField\":\"\",\"parentType\":\"email\",\"element_templates\":[\"email\",\"input\"],\"old_classname\":\"\",\"wrap_template\":\"wrap\"},{\"objectType\":\"Field\",\"objectDomain\":\"fields\",\"editActive\":false,\"order\":8,\"idAttribute\":\"id\",\"type\":\"submit\",\"label\":\"Senden\",\"processing_label\":\"....einen Moment...\",\"container_class\":\"\",\"element_class\":\"\",\"key\":\"senden_1662033952744\",\"drawerDisabled\":false,\"id\":8,\"beforeField\":\"\",\"afterField\":\"\",\"value\":\"\",\"label_pos\":\"above\",\"parentType\":\"textbox\",\"element_templates\":[\"submit\",\"button\",\"input\"],\"old_classname\":\"\",\"wrap_template\":\"wrap-no-label\"},{\"objectType\":\"Field\",\"objectDomain\":\"fields\",\"editActive\":false,\"order\":\"5.0\",\"type\":\"recaptcha_v3\",\"label\":\"Hidden\",\"key\":\"recaptcha_v3\",\"default\":\"\",\"admin_label\":\"\",\"drawerDisabled\":false,\"id\":\"48446\",\"beforeField\":\"\",\"afterField\":\"\",\"value\":\"\",\"label_pos\":\"above\",\"parentType\":\"hidden\",\"element_templates\":[\"recaptcha-v3\",\"hidden\",\"input\"],\"old_classname\":\"\",\"wrap_template\":\"wrap-no-label\",\"site_key\":\"6Le3qrQiAAAAAAmtp6My0L7dNW_k67z_N5BjznD4\"}];nfForms.push(form);<\/script>\n        \n","protected":false},"excerpt":{"rendered":"<p>aider, soutenir, mettre en relation Les secr\u00e9tariats r\u00e9gionaux ainsi que le bureau central de l&rsquo;association fa\u00eeti\u00e8re disposent de contacts particuliers et de connaissances sp\u00e9cifiques. Tous les membres profitent de cette \u00ab\u00a0Vitamine B\u00a0\u00bb exclusive. Le r\u00e9seau th\u00e9\u00e2tral, en tant que r\u00e9seau de comp\u00e9tences, aide, soutient et met en relation. Aper\u00e7u des pilules de Vitamine B Aide [&hellip;]<\/p>\n","protected":false},"author":11,"featured_media":0,"parent":0,"menu_order":0,"comment_status":"closed","ping_status":"closed","template":"","meta":{"_acf_changed":false,"inline_featured_image":false,"footnotes":""},"class_list":["post-5903","page","type-page","status-publish","hentry"],"acf":[],"yoast_head":"<!-- This site is optimized with the Yoast SEO plugin v27.5 - https:\/\/yoast.com\/product\/yoast-seo-wordpress\/ -->\n<title>Vitamine B - Zentralverband Schweizer Volkstheater<\/title>\n<meta name=\"robots\" content=\"index, follow, max-snippet:-1, max-image-preview:large, max-video-preview:-1\" \/>\n<link rel=\"canonical\" href=\"https:\/\/www.volkstheater.ch\/fr\/vitamine-b\/\" \/>\n<meta property=\"og:locale\" content=\"fr_FR\" \/>\n<meta property=\"og:type\" content=\"article\" \/>\n<meta property=\"og:title\" content=\"Vitamine B - Zentralverband Schweizer Volkstheater\" \/>\n<meta property=\"og:description\" content=\"aider, soutenir, mettre en relation Les secr\u00e9tariats r\u00e9gionaux ainsi que le bureau central de l&rsquo;association fa\u00eeti\u00e8re disposent de contacts particuliers et de connaissances sp\u00e9cifiques. Tous les membres profitent de cette \u00ab\u00a0Vitamine B\u00a0\u00bb exclusive. Le r\u00e9seau th\u00e9\u00e2tral, en tant que r\u00e9seau de comp\u00e9tences, aide, soutient et met en relation. Aper\u00e7u des pilules de Vitamine B Aide [&hellip;]\" \/>\n<meta property=\"og:url\" content=\"https:\/\/www.volkstheater.ch\/fr\/vitamine-b\/\" \/>\n<meta property=\"og:site_name\" content=\"Zentralverband Schweizer Volkstheater\" \/>\n<meta property=\"article:modified_time\" content=\"2025-09-03T09:10:15+00:00\" \/>\n<meta name=\"twitter:card\" content=\"summary_large_image\" \/>\n<meta name=\"twitter:label1\" content=\"Dur\u00e9e de lecture estim\u00e9e\" \/>\n\t<meta name=\"twitter:data1\" content=\"1 minute\" \/>\n<script type=\"application\/ld+json\" class=\"yoast-schema-graph\">{\"@context\":\"https:\\\/\\\/schema.org\",\"@graph\":[{\"@type\":\"WebPage\",\"@id\":\"https:\\\/\\\/www.volkstheater.ch\\\/fr\\\/vitamine-b\\\/\",\"url\":\"https:\\\/\\\/www.volkstheater.ch\\\/fr\\\/vitamine-b\\\/\",\"name\":\"Vitamine B - Zentralverband Schweizer Volkstheater\",\"isPartOf\":{\"@id\":\"https:\\\/\\\/www.volkstheater.ch\\\/#website\"},\"datePublished\":\"2022-09-01T11:59:48+00:00\",\"dateModified\":\"2025-09-03T09:10:15+00:00\",\"breadcrumb\":{\"@id\":\"https:\\\/\\\/www.volkstheater.ch\\\/fr\\\/vitamine-b\\\/#breadcrumb\"},\"inLanguage\":\"fr-FR\",\"potentialAction\":[{\"@type\":\"ReadAction\",\"target\":[\"https:\\\/\\\/www.volkstheater.ch\\\/fr\\\/vitamine-b\\\/\"]}]},{\"@type\":\"BreadcrumbList\",\"@id\":\"https:\\\/\\\/www.volkstheater.ch\\\/fr\\\/vitamine-b\\\/#breadcrumb\",\"itemListElement\":[{\"@type\":\"ListItem\",\"position\":1,\"name\":\"Startseite\",\"item\":\"https:\\\/\\\/www.volkstheater.ch\\\/fr\\\/\"},{\"@type\":\"ListItem\",\"position\":2,\"name\":\"Vitamine B\"}]},{\"@type\":\"WebSite\",\"@id\":\"https:\\\/\\\/www.volkstheater.ch\\\/#website\",\"url\":\"https:\\\/\\\/www.volkstheater.ch\\\/\",\"name\":\"Zentralverband Schweizer Volkstheater\",\"description\":\"Dachverband des Amateurtheaters in der deutschen und r\u00e4toromanischen Schweiz\",\"potentialAction\":[{\"@type\":\"SearchAction\",\"target\":{\"@type\":\"EntryPoint\",\"urlTemplate\":\"https:\\\/\\\/www.volkstheater.ch\\\/?s={search_term_string}\"},\"query-input\":{\"@type\":\"PropertyValueSpecification\",\"valueRequired\":true,\"valueName\":\"search_term_string\"}}],\"inLanguage\":\"fr-FR\"}]}<\/script>\n<!-- \/ Yoast SEO plugin. -->","yoast_head_json":{"title":"Vitamine B - Zentralverband Schweizer Volkstheater","robots":{"index":"index","follow":"follow","max-snippet":"max-snippet:-1","max-image-preview":"max-image-preview:large","max-video-preview":"max-video-preview:-1"},"canonical":"https:\/\/www.volkstheater.ch\/fr\/vitamine-b\/","og_locale":"fr_FR","og_type":"article","og_title":"Vitamine B - Zentralverband Schweizer Volkstheater","og_description":"aider, soutenir, mettre en relation Les secr\u00e9tariats r\u00e9gionaux ainsi que le bureau central de l&rsquo;association fa\u00eeti\u00e8re disposent de contacts particuliers et de connaissances sp\u00e9cifiques. Tous les membres profitent de cette \u00ab\u00a0Vitamine B\u00a0\u00bb exclusive. Le r\u00e9seau th\u00e9\u00e2tral, en tant que r\u00e9seau de comp\u00e9tences, aide, soutient et met en relation. Aper\u00e7u des pilules de Vitamine B Aide [&hellip;]","og_url":"https:\/\/www.volkstheater.ch\/fr\/vitamine-b\/","og_site_name":"Zentralverband Schweizer Volkstheater","article_modified_time":"2025-09-03T09:10:15+00:00","twitter_card":"summary_large_image","twitter_misc":{"Dur\u00e9e de lecture estim\u00e9e":"1 minute"},"schema":{"@context":"https:\/\/schema.org","@graph":[{"@type":"WebPage","@id":"https:\/\/www.volkstheater.ch\/fr\/vitamine-b\/","url":"https:\/\/www.volkstheater.ch\/fr\/vitamine-b\/","name":"Vitamine B - Zentralverband Schweizer Volkstheater","isPartOf":{"@id":"https:\/\/www.volkstheater.ch\/#website"},"datePublished":"2022-09-01T11:59:48+00:00","dateModified":"2025-09-03T09:10:15+00:00","breadcrumb":{"@id":"https:\/\/www.volkstheater.ch\/fr\/vitamine-b\/#breadcrumb"},"inLanguage":"fr-FR","potentialAction":[{"@type":"ReadAction","target":["https:\/\/www.volkstheater.ch\/fr\/vitamine-b\/"]}]},{"@type":"BreadcrumbList","@id":"https:\/\/www.volkstheater.ch\/fr\/vitamine-b\/#breadcrumb","itemListElement":[{"@type":"ListItem","position":1,"name":"Startseite","item":"https:\/\/www.volkstheater.ch\/fr\/"},{"@type":"ListItem","position":2,"name":"Vitamine B"}]},{"@type":"WebSite","@id":"https:\/\/www.volkstheater.ch\/#website","url":"https:\/\/www.volkstheater.ch\/","name":"Zentralverband Schweizer Volkstheater","description":"Dachverband des Amateurtheaters in der deutschen und r\u00e4toromanischen Schweiz","potentialAction":[{"@type":"SearchAction","target":{"@type":"EntryPoint","urlTemplate":"https:\/\/www.volkstheater.ch\/?s={search_term_string}"},"query-input":{"@type":"PropertyValueSpecification","valueRequired":true,"valueName":"search_term_string"}}],"inLanguage":"fr-FR"}]}},"_links":{"self":[{"href":"https:\/\/www.volkstheater.ch\/fr\/wp-json\/wp\/v2\/pages\/5903","targetHints":{"allow":["GET"]}}],"collection":[{"href":"https:\/\/www.volkstheater.ch\/fr\/wp-json\/wp\/v2\/pages"}],"about":[{"href":"https:\/\/www.volkstheater.ch\/fr\/wp-json\/wp\/v2\/types\/page"}],"author":[{"embeddable":true,"href":"https:\/\/www.volkstheater.ch\/fr\/wp-json\/wp\/v2\/users\/11"}],"replies":[{"embeddable":true,"href":"https:\/\/www.volkstheater.ch\/fr\/wp-json\/wp\/v2\/comments?post=5903"}],"version-history":[{"count":1,"href":"https:\/\/www.volkstheater.ch\/fr\/wp-json\/wp\/v2\/pages\/5903\/revisions"}],"predecessor-version":[{"id":5904,"href":"https:\/\/www.volkstheater.ch\/fr\/wp-json\/wp\/v2\/pages\/5903\/revisions\/5904"}],"wp:attachment":[{"href":"https:\/\/www.volkstheater.ch\/fr\/wp-json\/wp\/v2\/media?parent=5903"}],"curies":[{"name":"wp","href":"https:\/\/api.w.org\/{rel}","templated":true}]}}