{"id":5909,"date":"2022-10-04T14:39:39","date_gmt":"2022-10-04T12:39:39","guid":{"rendered":"https:\/\/www.volkstheater.ch\/editeurs-de-theatre\/"},"modified":"2025-09-03T11:27:24","modified_gmt":"2025-09-03T09:27:24","slug":"editeurs-de-theatre","status":"publish","type":"page","link":"https:\/\/www.volkstheater.ch\/fr\/editeurs-de-theatre\/","title":{"rendered":"\u00c9diteurs de th\u00e9\u00e2tre"},"content":{"rendered":"<section id=\"\" class=\"verbaende\" >\n  <div class=\"row\">\n      <div class=\"verband col-md-6 col-lg-4 col-xxl-3\">\n      <div class=\"verband-inner\">\n        <div class=\"verband-front background-blue\">\n          <p>Theaterverlag Breuninger<\/p>\n          <a href=\"https:\/\/www.breuninger.ch\/\" target=\"_blank\"><\/a>\n          <a href=\"info@breuninger.ch\"><\/a>\n        <\/div>\n        <div class=\"verband-back\">\n          <img decoding=\"async\" src=\"https:\/\/www.volkstheater.ch\/wp-content\/uploads\/2022\/10\/breuninger-lbox-456x152-FFFFFF.jpg\" alt=\"\" class=\"logo\">\n          <div>\n            <a href=\"https:\/\/www.breuninger.ch\/\" class=\"back-url\" target=\"_blank\">breuninger.ch<\/a>\n          <\/div>\n          <p>Breuninger Theaterverlag<br \/>\nBahnhofstrasse 67<br \/>\n5001 Aarau<br \/>\n+41 62 824 42 34<\/p>\n\n        <\/div>\n      <\/div>\n    <\/div>\n      <div class=\"verband col-md-6 col-lg-4 col-xxl-3\">\n      <div class=\"verband-inner\">\n        <div class=\"verband-front background-blue\">\n          <p>theaterverlag elgg<\/p>\n          <a href=\"https:\/\/www.theaterverlage.ch\/\" target=\"_blank\"><\/a>\n          <a href=\"http:\/\/information@theaterverlage.ch\"><\/a>\n        <\/div>\n        <div class=\"verband-back\">\n          <img decoding=\"async\" src=\"https:\/\/www.volkstheater.ch\/wp-content\/uploads\/logo_tve_2023_col_klein-lbox-456x152-FFFFFF.jpg\" alt=\"\" class=\"logo\">\n          <div>\n            <a href=\"https:\/\/www.theaterverlage.ch\/\" class=\"back-url\" target=\"_blank\">theaterverlage.ch<\/a>\n          <\/div>\n          <p>Theaterverlag ELGG<br \/>\nSolothurnstrasse 54<br \/>\n3303 Jegenstorf<br \/>\n+41 31 819 42 09<\/p>\n\n        <\/div>\n      <\/div>\n    <\/div>\n      <div class=\"verband col-md-6 col-lg-4 col-xxl-3\">\n      <div class=\"verband-inner\">\n        <div class=\"verband-front background-blue\">\n          <p>Diogenes Verlag AG<\/p>\n          <a href=\"https:\/\/www.diogenes.ch\/leser.html\" target=\"_blank\"><\/a>\n          <a href=\"http:\/\/info@diogenes.ch\"><\/a>\n        <\/div>\n        <div class=\"verband-back\">\n          <img decoding=\"async\" src=\"https:\/\/www.volkstheater.ch\/wp-content\/uploads\/2022\/10\/diogenes-e1664887488243-lbox-456x152-FFFFFF.jpg\" alt=\"\" class=\"logo\">\n          <div>\n            <a href=\"https:\/\/www.diogenes.ch\/leser.html\" class=\"back-url\" target=\"_blank\">diogenes.ch<\/a>\n          <\/div>\n          <p>Diogenes Verlag AG<br \/>\nSprecherstrasse 8<br \/>\n8032 Z\u00fcrich<\/p>\n\n        <\/div>\n      <\/div>\n    <\/div>\n      <div class=\"verband col-md-6 col-lg-4 col-xxl-3\">\n      <div class=\"verband-inner\">\n        <div class=\"verband-front background-blue\">\n          <p>Theaterverlag Marabu<\/p>\n          <a href=\"http:\/\/www.theaterverlag-marabu.ch\/\" target=\"_blank\"><\/a>\n          <a href=\"http:\/\/marabu-verlag@bluewin.ch\"><\/a>\n        <\/div>\n        <div class=\"verband-back\">\n          <img decoding=\"async\" src=\"https:\/\/www.volkstheater.ch\/wp-content\/uploads\/2022\/10\/marabu-lbox-456x152-FFFFFF.jpg\" alt=\"\" class=\"logo\">\n          <div>\n            <a href=\"http:\/\/www.theaterverlag-marabu.ch\/\" class=\"back-url\" target=\"_blank\">theaterverlag-marabu.ch<\/a>\n          <\/div>\n          <p>Theaterverlag Marabu<br \/>\nSempacherstrasse 12<br \/>\n8032 Z\u00fcrich<\/p>\n\n        <\/div>\n      <\/div>\n    <\/div>\n      <div class=\"verband col-md-6 col-lg-4 col-xxl-3\">\n      <div class=\"verband-inner\">\n        <div class=\"verband-front background-blue\">\n          <p>Theaterverlag Kaliolabusto<\/p>\n          <a href=\"https:\/\/www.komoedien.ch\/\" target=\"_blank\"><\/a>\n          <a href=\"http:\/\/info@theaterstuecke.ch\"><\/a>\n        <\/div>\n        <div class=\"verband-back\">\n          <img decoding=\"async\" src=\"https:\/\/www.volkstheater.ch\/wp-content\/uploads\/2022\/10\/kaliolabusto-e1664887612962-lbox-456x152-FFFFFF.jpg\" alt=\"\" class=\"logo\">\n          <div>\n            <a href=\"https:\/\/www.komoedien.ch\/\" class=\"back-url\" target=\"_blank\">komoedien.ch<\/a>\n          <\/div>\n          <p>Theaterverlag Kaliolabusto<br \/>\n3254 Messen<\/p>\n\n        <\/div>\n      <\/div>\n    <\/div>\n    <\/div>\n<\/section>\n","protected":false},"excerpt":{"rendered":"","protected":false},"author":5,"featured_media":1968,"parent":0,"menu_order":0,"comment_status":"closed","ping_status":"closed","template":"","meta":{"_acf_changed":false,"inline_featured_image":false,"footnotes":""},"class_list":["post-5909","page","type-page","status-publish","has-post-thumbnail","hentry"],"acf":[],"yoast_head":"<!-- This site is optimized with the Yoast SEO plugin v27.5 - https:\/\/yoast.com\/product\/yoast-seo-wordpress\/ -->\n<title>\u00c9diteurs de th\u00e9\u00e2tre - Zentralverband Schweizer Volkstheater<\/title>\n<meta name=\"robots\" content=\"index, follow, max-snippet:-1, max-image-preview:large, max-video-preview:-1\" \/>\n<link rel=\"canonical\" href=\"https:\/\/www.volkstheater.ch\/fr\/editeurs-de-theatre\/\" \/>\n<meta property=\"og:locale\" content=\"fr_FR\" \/>\n<meta property=\"og:type\" content=\"article\" \/>\n<meta property=\"og:title\" content=\"\u00c9diteurs de th\u00e9\u00e2tre - Zentralverband Schweizer Volkstheater\" \/>\n<meta property=\"og:url\" content=\"https:\/\/www.volkstheater.ch\/fr\/editeurs-de-theatre\/\" \/>\n<meta property=\"og:site_name\" content=\"Zentralverband Schweizer Volkstheater\" \/>\n<meta property=\"article:modified_time\" content=\"2025-09-03T09:27:24+00:00\" \/>\n<meta property=\"og:image\" content=\"https:\/\/www.volkstheater.ch\/wp-content\/uploads\/2022\/10\/D5SR8699-scaled.jpg\" \/>\n\t<meta property=\"og:image:width\" content=\"2560\" \/>\n\t<meta property=\"og:image:height\" content=\"1707\" \/>\n\t<meta property=\"og:image:type\" content=\"image\/jpeg\" \/>\n<meta name=\"twitter:card\" content=\"summary_large_image\" \/>\n<script type=\"application\/ld+json\" class=\"yoast-schema-graph\">{\"@context\":\"https:\\\/\\\/schema.org\",\"@graph\":[{\"@type\":\"WebPage\",\"@id\":\"https:\\\/\\\/www.volkstheater.ch\\\/fr\\\/editeurs-de-theatre\\\/\",\"url\":\"https:\\\/\\\/www.volkstheater.ch\\\/fr\\\/editeurs-de-theatre\\\/\",\"name\":\"\u00c9diteurs de th\u00e9\u00e2tre - Zentralverband Schweizer Volkstheater\",\"isPartOf\":{\"@id\":\"https:\\\/\\\/www.volkstheater.ch\\\/#website\"},\"primaryImageOfPage\":{\"@id\":\"https:\\\/\\\/www.volkstheater.ch\\\/fr\\\/editeurs-de-theatre\\\/#primaryimage\"},\"image\":{\"@id\":\"https:\\\/\\\/www.volkstheater.ch\\\/fr\\\/editeurs-de-theatre\\\/#primaryimage\"},\"thumbnailUrl\":\"https:\\\/\\\/www.volkstheater.ch\\\/wp-content\\\/uploads\\\/2022\\\/10\\\/D5SR8699-scaled.jpg\",\"datePublished\":\"2022-10-04T12:39:39+00:00\",\"dateModified\":\"2025-09-03T09:27:24+00:00\",\"breadcrumb\":{\"@id\":\"https:\\\/\\\/www.volkstheater.ch\\\/fr\\\/editeurs-de-theatre\\\/#breadcrumb\"},\"inLanguage\":\"fr-FR\",\"potentialAction\":[{\"@type\":\"ReadAction\",\"target\":[\"https:\\\/\\\/www.volkstheater.ch\\\/fr\\\/editeurs-de-theatre\\\/\"]}]},{\"@type\":\"ImageObject\",\"inLanguage\":\"fr-FR\",\"@id\":\"https:\\\/\\\/www.volkstheater.ch\\\/fr\\\/editeurs-de-theatre\\\/#primaryimage\",\"url\":\"https:\\\/\\\/www.volkstheater.ch\\\/wp-content\\\/uploads\\\/2022\\\/10\\\/D5SR8699-scaled.jpg\",\"contentUrl\":\"https:\\\/\\\/www.volkstheater.ch\\\/wp-content\\\/uploads\\\/2022\\\/10\\\/D5SR8699-scaled.jpg\",\"width\":2560,\"height\":1707},{\"@type\":\"BreadcrumbList\",\"@id\":\"https:\\\/\\\/www.volkstheater.ch\\\/fr\\\/editeurs-de-theatre\\\/#breadcrumb\",\"itemListElement\":[{\"@type\":\"ListItem\",\"position\":1,\"name\":\"Startseite\",\"item\":\"https:\\\/\\\/www.volkstheater.ch\\\/fr\\\/\"},{\"@type\":\"ListItem\",\"position\":2,\"name\":\"\u00c9diteurs de th\u00e9\u00e2tre\"}]},{\"@type\":\"WebSite\",\"@id\":\"https:\\\/\\\/www.volkstheater.ch\\\/#website\",\"url\":\"https:\\\/\\\/www.volkstheater.ch\\\/\",\"name\":\"Zentralverband Schweizer Volkstheater\",\"description\":\"Dachverband des Amateurtheaters in der deutschen und r\u00e4toromanischen Schweiz\",\"potentialAction\":[{\"@type\":\"SearchAction\",\"target\":{\"@type\":\"EntryPoint\",\"urlTemplate\":\"https:\\\/\\\/www.volkstheater.ch\\\/?s={search_term_string}\"},\"query-input\":{\"@type\":\"PropertyValueSpecification\",\"valueRequired\":true,\"valueName\":\"search_term_string\"}}],\"inLanguage\":\"fr-FR\"}]}<\/script>\n<!-- \/ Yoast SEO plugin. -->","yoast_head_json":{"title":"\u00c9diteurs de th\u00e9\u00e2tre - Zentralverband Schweizer Volkstheater","robots":{"index":"index","follow":"follow","max-snippet":"max-snippet:-1","max-image-preview":"max-image-preview:large","max-video-preview":"max-video-preview:-1"},"canonical":"https:\/\/www.volkstheater.ch\/fr\/editeurs-de-theatre\/","og_locale":"fr_FR","og_type":"article","og_title":"\u00c9diteurs de th\u00e9\u00e2tre - Zentralverband Schweizer Volkstheater","og_url":"https:\/\/www.volkstheater.ch\/fr\/editeurs-de-theatre\/","og_site_name":"Zentralverband Schweizer Volkstheater","article_modified_time":"2025-09-03T09:27:24+00:00","og_image":[{"width":2560,"height":1707,"url":"https:\/\/www.volkstheater.ch\/wp-content\/uploads\/2022\/10\/D5SR8699-scaled.jpg","type":"image\/jpeg"}],"twitter_card":"summary_large_image","schema":{"@context":"https:\/\/schema.org","@graph":[{"@type":"WebPage","@id":"https:\/\/www.volkstheater.ch\/fr\/editeurs-de-theatre\/","url":"https:\/\/www.volkstheater.ch\/fr\/editeurs-de-theatre\/","name":"\u00c9diteurs de th\u00e9\u00e2tre - Zentralverband Schweizer Volkstheater","isPartOf":{"@id":"https:\/\/www.volkstheater.ch\/#website"},"primaryImageOfPage":{"@id":"https:\/\/www.volkstheater.ch\/fr\/editeurs-de-theatre\/#primaryimage"},"image":{"@id":"https:\/\/www.volkstheater.ch\/fr\/editeurs-de-theatre\/#primaryimage"},"thumbnailUrl":"https:\/\/www.volkstheater.ch\/wp-content\/uploads\/2022\/10\/D5SR8699-scaled.jpg","datePublished":"2022-10-04T12:39:39+00:00","dateModified":"2025-09-03T09:27:24+00:00","breadcrumb":{"@id":"https:\/\/www.volkstheater.ch\/fr\/editeurs-de-theatre\/#breadcrumb"},"inLanguage":"fr-FR","potentialAction":[{"@type":"ReadAction","target":["https:\/\/www.volkstheater.ch\/fr\/editeurs-de-theatre\/"]}]},{"@type":"ImageObject","inLanguage":"fr-FR","@id":"https:\/\/www.volkstheater.ch\/fr\/editeurs-de-theatre\/#primaryimage","url":"https:\/\/www.volkstheater.ch\/wp-content\/uploads\/2022\/10\/D5SR8699-scaled.jpg","contentUrl":"https:\/\/www.volkstheater.ch\/wp-content\/uploads\/2022\/10\/D5SR8699-scaled.jpg","width":2560,"height":1707},{"@type":"BreadcrumbList","@id":"https:\/\/www.volkstheater.ch\/fr\/editeurs-de-theatre\/#breadcrumb","itemListElement":[{"@type":"ListItem","position":1,"name":"Startseite","item":"https:\/\/www.volkstheater.ch\/fr\/"},{"@type":"ListItem","position":2,"name":"\u00c9diteurs de th\u00e9\u00e2tre"}]},{"@type":"WebSite","@id":"https:\/\/www.volkstheater.ch\/#website","url":"https:\/\/www.volkstheater.ch\/","name":"Zentralverband Schweizer Volkstheater","description":"Dachverband des Amateurtheaters in der deutschen und r\u00e4toromanischen Schweiz","potentialAction":[{"@type":"SearchAction","target":{"@type":"EntryPoint","urlTemplate":"https:\/\/www.volkstheater.ch\/?s={search_term_string}"},"query-input":{"@type":"PropertyValueSpecification","valueRequired":true,"valueName":"search_term_string"}}],"inLanguage":"fr-FR"}]}},"_links":{"self":[{"href":"https:\/\/www.volkstheater.ch\/fr\/wp-json\/wp\/v2\/pages\/5909","targetHints":{"allow":["GET"]}}],"collection":[{"href":"https:\/\/www.volkstheater.ch\/fr\/wp-json\/wp\/v2\/pages"}],"about":[{"href":"https:\/\/www.volkstheater.ch\/fr\/wp-json\/wp\/v2\/types\/page"}],"author":[{"embeddable":true,"href":"https:\/\/www.volkstheater.ch\/fr\/wp-json\/wp\/v2\/users\/5"}],"replies":[{"embeddable":true,"href":"https:\/\/www.volkstheater.ch\/fr\/wp-json\/wp\/v2\/comments?post=5909"}],"version-history":[{"count":2,"href":"https:\/\/www.volkstheater.ch\/fr\/wp-json\/wp\/v2\/pages\/5909\/revisions"}],"predecessor-version":[{"id":5914,"href":"https:\/\/www.volkstheater.ch\/fr\/wp-json\/wp\/v2\/pages\/5909\/revisions\/5914"}],"wp:featuredmedia":[{"embeddable":true,"href":"https:\/\/www.volkstheater.ch\/fr\/wp-json\/wp\/v2\/media\/1968"}],"wp:attachment":[{"href":"https:\/\/www.volkstheater.ch\/fr\/wp-json\/wp\/v2\/media?parent=5909"}],"curies":[{"name":"wp","href":"https:\/\/api.w.org\/{rel}","templated":true}]}}