{"id":2203,"date":"2022-10-17T13:20:55","date_gmt":"2022-10-17T11:20:55","guid":{"rendered":"https:\/\/www.volkstheater.ch\/?page_id=2203"},"modified":"2025-09-03T11:45:27","modified_gmt":"2025-09-03T09:45:27","slug":"archivio","status":"publish","type":"page","link":"https:\/\/www.volkstheater.ch\/it\/archivio\/","title":{"rendered":"Archivio"},"content":{"rendered":"\n<iframe loading=\"lazy\" title=\"vimeo-player\" src=\"https:\/\/player.vimeo.com\/video\/376221542?h=bd411ed8c4\" width=\"640\" height=\"360\" frameborder=\"0\" allowfullscreen=\"\"><\/iframe>\n\n\n\n<div style=\"height:20px\" aria-hidden=\"true\" class=\"wp-block-spacer\"><\/div>\n\n\n\n<p>L&#8217;Associazione centrale fa parte della Fondazione SAPA. Questa raccoglie, documenta, archivia e diffonde opere prodotte in Svizzera, collegate alla Svizzera o significative per essa nell&#8217;ambito delle arti performative (danza, teatro, performance). Tutti questi documenti costituiscono l&#8217;Helvetica delle arti performative.  <\/p>\n\n\n\n<div style=\"height:20px\" aria-hidden=\"true\" class=\"wp-block-spacer\"><\/div>\n\n\n\n<div class=\"wp-block-pb-accordion-item c-accordion__item js-accordion-item no-js\" data-initially-open=\"false\" data-click-to-close=\"true\" data-auto-close=\"true\" data-scroll=\"false\" data-scroll-offset=\"0\"><h6 id=\"at-22030\" class=\"c-accordion__title js-accordion-controller\" role=\"button\">Perch\u00e9 SAPA?<\/h6><div id=\"ac-22030\" class=\"c-accordion__content\">\n<p>Preservare il sapere, trasmettere la storia, creare comprensione. La Fondazione contribuisce alla cura del patrimonio culturale. A Berna, SAPA conserva beni culturali di importanza nazionale.  <\/p>\n<\/div><\/div>\n\n\n\n<div class=\"wp-block-pb-accordion-item c-accordion__item js-accordion-item no-js\" data-initially-open=\"false\" data-click-to-close=\"true\" data-auto-close=\"true\" data-scroll=\"false\" data-scroll-offset=\"0\"><h6 id=\"at-22031\" class=\"c-accordion__title js-accordion-controller\" role=\"button\">Cosa viene archiviato?<\/h6><div id=\"ac-22031\" class=\"c-accordion__content\">\n<p>SAPA raccoglie principalmente programmi di sala, ritagli di stampa o fotografie. Ma nell&#8217;archivio si possono trovare anche oggetti di scena particolari o ci\u00f2 che la storia documenta su una compagnia teatrale. <\/p>\n<\/div><\/div>\n\n\n\n<div class=\"wp-block-pb-accordion-item c-accordion__item js-accordion-item no-js\" data-initially-open=\"false\" data-click-to-close=\"true\" data-auto-close=\"true\" data-scroll=\"false\" data-scroll-offset=\"0\"><h6 id=\"at-22032\" class=\"c-accordion__title js-accordion-controller\" role=\"button\">Servizi SAPA per i membri<\/h6><div id=\"ac-22032\" class=\"c-accordion__content\">\n<ul class=\"wp-block-list\">\n<li>Archiviazione e documentazione del teatro popolare<\/li>\n\n\n\n<li>Consulenza e sostegno (p.es. nella ricerca)<\/li>\n\n\n\n<li>Videokonservierung<\/li>\n\n\n\n<li>Prestito<\/li>\n\n\n\n<li>Trasmissione del sapere<\/li>\n\n\n\n<li>Laboratori di scrittura<\/li>\n\n\n\n<li>Visite guidate<\/li>\n\n\n\n<li>Ausstellungen<\/li>\n<\/ul>\n<\/div><\/div>\n\n\n\n<div style=\"height:70px\" aria-hidden=\"true\" class=\"wp-block-spacer\"><\/div>\n\n\n\n<h2 class=\"wp-block-heading\">Esposizione permanente della collezione teatrale storica<\/h2>\n\n\n\n<figure class=\"wp-block-image size-full is-resized\"><img loading=\"lazy\" decoding=\"async\" width=\"800\" height=\"588\" src=\"https:\/\/www.volkstheater.ch\/wp-content\/uploads\/2022\/10\/Marionetten_BE-800x588-1.webp\" alt=\"\" class=\"wp-image-2110\" style=\"width:305px;height:224px\" srcset=\"https:\/\/www.volkstheater.ch\/wp-content\/uploads\/2022\/10\/Marionetten_BE-800x588-1.webp 800w, https:\/\/www.volkstheater.ch\/wp-content\/uploads\/2022\/10\/Marionetten_BE-800x588-1-300x221.webp 300w, https:\/\/www.volkstheater.ch\/wp-content\/uploads\/2022\/10\/Marionetten_BE-800x588-1-768x564.webp 768w\" sizes=\"auto, (max-width: 800px) 100vw, 800px\" \/><\/figure>\n\n\n\n<p><a href=\"https:\/\/sapa.swiss\/historische_theatersammlung_bern\/\" target=\"_blank\" rel=\"noreferrer noopener\">L&#8217;esposizione permanente \u00abTeatro nel presente e nella storia\u00bb<\/a> \u00e8 stata inaugurata nel 1987 e da allora \u00e8 rimasta invariata. Il suo valore non risiede quindi nel riflettere un&#8217;attualit\u00e0 immediata, bens\u00ec nella presentazione del variegato sviluppo storico del teatro in Svizzera e nell&#8217;esposizione di una scenografia meccanica espositiva unica nel suo genere. <\/p>\n\n\n\n<div class=\"wp-block-pb-accordion-item c-accordion__item js-accordion-item no-js\" data-initially-open=\"false\" data-click-to-close=\"true\" data-auto-close=\"true\" data-scroll=\"false\" data-scroll-offset=\"0\"><h6 id=\"at-22033\" class=\"c-accordion__title js-accordion-controller\" role=\"button\">Luogo<\/h6><div id=\"ac-22033\" class=\"c-accordion__content\">\n<p>SAPA Bern<br>Schanzenstrasse 15<br>3001 Bern<\/p>\n<\/div><\/div>\n","protected":false},"excerpt":{"rendered":"<p>L&#8217;Associazione centrale fa parte della Fondazione SAPA. Questa raccoglie, documenta, archivia e diffonde opere prodotte in Svizzera, collegate alla Svizzera o significative per essa nell&#8217;ambito delle arti performative (danza, teatro, performance). Tutti questi documenti costituiscono l&#8217;Helvetica delle arti performative. Esposizione permanente della collezione teatrale storica L&#8217;esposizione permanente \u00abTeatro nel presente e nella storia\u00bb \u00e8 stata [&hellip;]<\/p>\n","protected":false},"author":5,"featured_media":0,"parent":0,"menu_order":0,"comment_status":"closed","ping_status":"closed","template":"","meta":{"_acf_changed":false,"inline_featured_image":false,"footnotes":""},"class_list":["post-2203","page","type-page","status-publish","hentry"],"acf":[],"yoast_head":"<!-- This site is optimized with the Yoast SEO plugin v27.4 - https:\/\/yoast.com\/product\/yoast-seo-wordpress\/ -->\n<title>Archivio - Zentralverband Schweizer Volkstheater<\/title>\n<meta name=\"robots\" content=\"index, follow, max-snippet:-1, max-image-preview:large, max-video-preview:-1\" \/>\n<link rel=\"canonical\" href=\"https:\/\/www.volkstheater.ch\/it\/archivio\/\" \/>\n<meta property=\"og:locale\" content=\"it_IT\" \/>\n<meta property=\"og:type\" content=\"article\" \/>\n<meta property=\"og:title\" content=\"Archivio - Zentralverband Schweizer Volkstheater\" \/>\n<meta property=\"og:description\" content=\"L&#8217;Associazione centrale fa parte della Fondazione SAPA. Questa raccoglie, documenta, archivia e diffonde opere prodotte in Svizzera, collegate alla Svizzera o significative per essa nell&#8217;ambito delle arti performative (danza, teatro, performance). Tutti questi documenti costituiscono l&#8217;Helvetica delle arti performative. Esposizione permanente della collezione teatrale storica L&#8217;esposizione permanente \u00abTeatro nel presente e nella storia\u00bb \u00e8 stata [&hellip;]\" \/>\n<meta property=\"og:url\" content=\"https:\/\/www.volkstheater.ch\/it\/archivio\/\" \/>\n<meta property=\"og:site_name\" content=\"Zentralverband Schweizer Volkstheater\" \/>\n<meta property=\"article:modified_time\" content=\"2025-09-03T09:45:27+00:00\" \/>\n<meta property=\"og:image\" content=\"https:\/\/www.volkstheater.ch\/wp-content\/uploads\/2022\/10\/Marionetten_BE-800x588-1.webp\" \/>\n\t<meta property=\"og:image:width\" content=\"800\" \/>\n\t<meta property=\"og:image:height\" content=\"588\" \/>\n\t<meta property=\"og:image:type\" content=\"image\/webp\" \/>\n<meta name=\"twitter:card\" content=\"summary_large_image\" \/>\n<meta name=\"twitter:label1\" content=\"Tempo di lettura stimato\" \/>\n\t<meta name=\"twitter:data1\" content=\"2 minuti\" \/>\n<script type=\"application\/ld+json\" class=\"yoast-schema-graph\">{\"@context\":\"https:\\\/\\\/schema.org\",\"@graph\":[{\"@type\":\"WebPage\",\"@id\":\"https:\\\/\\\/www.volkstheater.ch\\\/it\\\/archivio\\\/\",\"url\":\"https:\\\/\\\/www.volkstheater.ch\\\/it\\\/archivio\\\/\",\"name\":\"Archivio - Zentralverband Schweizer Volkstheater\",\"isPartOf\":{\"@id\":\"https:\\\/\\\/www.volkstheater.ch\\\/#website\"},\"primaryImageOfPage\":{\"@id\":\"https:\\\/\\\/www.volkstheater.ch\\\/it\\\/archivio\\\/#primaryimage\"},\"image\":{\"@id\":\"https:\\\/\\\/www.volkstheater.ch\\\/it\\\/archivio\\\/#primaryimage\"},\"thumbnailUrl\":\"https:\\\/\\\/www.volkstheater.ch\\\/wp-content\\\/uploads\\\/2022\\\/10\\\/Marionetten_BE-800x588-1.webp\",\"datePublished\":\"2022-10-17T11:20:55+00:00\",\"dateModified\":\"2025-09-03T09:45:27+00:00\",\"breadcrumb\":{\"@id\":\"https:\\\/\\\/www.volkstheater.ch\\\/it\\\/archivio\\\/#breadcrumb\"},\"inLanguage\":\"it-IT\",\"potentialAction\":[{\"@type\":\"ReadAction\",\"target\":[\"https:\\\/\\\/www.volkstheater.ch\\\/it\\\/archivio\\\/\"]}]},{\"@type\":\"ImageObject\",\"inLanguage\":\"it-IT\",\"@id\":\"https:\\\/\\\/www.volkstheater.ch\\\/it\\\/archivio\\\/#primaryimage\",\"url\":\"https:\\\/\\\/www.volkstheater.ch\\\/wp-content\\\/uploads\\\/2022\\\/10\\\/Marionetten_BE-800x588-1.webp\",\"contentUrl\":\"https:\\\/\\\/www.volkstheater.ch\\\/wp-content\\\/uploads\\\/2022\\\/10\\\/Marionetten_BE-800x588-1.webp\"},{\"@type\":\"BreadcrumbList\",\"@id\":\"https:\\\/\\\/www.volkstheater.ch\\\/it\\\/archivio\\\/#breadcrumb\",\"itemListElement\":[{\"@type\":\"ListItem\",\"position\":1,\"name\":\"Startseite\",\"item\":\"https:\\\/\\\/www.volkstheater.ch\\\/it\\\/\"},{\"@type\":\"ListItem\",\"position\":2,\"name\":\"Archivio\"}]},{\"@type\":\"WebSite\",\"@id\":\"https:\\\/\\\/www.volkstheater.ch\\\/#website\",\"url\":\"https:\\\/\\\/www.volkstheater.ch\\\/\",\"name\":\"Zentralverband Schweizer Volkstheater\",\"description\":\"Dachverband des Amateurtheaters in der deutschen und r\u00e4toromanischen Schweiz\",\"potentialAction\":[{\"@type\":\"SearchAction\",\"target\":{\"@type\":\"EntryPoint\",\"urlTemplate\":\"https:\\\/\\\/www.volkstheater.ch\\\/?s={search_term_string}\"},\"query-input\":{\"@type\":\"PropertyValueSpecification\",\"valueRequired\":true,\"valueName\":\"search_term_string\"}}],\"inLanguage\":\"it-IT\"}]}<\/script>\n<!-- \/ Yoast SEO plugin. -->","yoast_head_json":{"title":"Archivio - Zentralverband Schweizer Volkstheater","robots":{"index":"index","follow":"follow","max-snippet":"max-snippet:-1","max-image-preview":"max-image-preview:large","max-video-preview":"max-video-preview:-1"},"canonical":"https:\/\/www.volkstheater.ch\/it\/archivio\/","og_locale":"it_IT","og_type":"article","og_title":"Archivio - Zentralverband Schweizer Volkstheater","og_description":"L&#8217;Associazione centrale fa parte della Fondazione SAPA. Questa raccoglie, documenta, archivia e diffonde opere prodotte in Svizzera, collegate alla Svizzera o significative per essa nell&#8217;ambito delle arti performative (danza, teatro, performance). Tutti questi documenti costituiscono l&#8217;Helvetica delle arti performative. Esposizione permanente della collezione teatrale storica L&#8217;esposizione permanente \u00abTeatro nel presente e nella storia\u00bb \u00e8 stata [&hellip;]","og_url":"https:\/\/www.volkstheater.ch\/it\/archivio\/","og_site_name":"Zentralverband Schweizer Volkstheater","article_modified_time":"2025-09-03T09:45:27+00:00","og_image":[{"width":800,"height":588,"url":"https:\/\/www.volkstheater.ch\/wp-content\/uploads\/2022\/10\/Marionetten_BE-800x588-1.webp","type":"image\/webp"}],"twitter_card":"summary_large_image","twitter_misc":{"Tempo di lettura stimato":"2 minuti"},"schema":{"@context":"https:\/\/schema.org","@graph":[{"@type":"WebPage","@id":"https:\/\/www.volkstheater.ch\/it\/archivio\/","url":"https:\/\/www.volkstheater.ch\/it\/archivio\/","name":"Archivio - Zentralverband Schweizer Volkstheater","isPartOf":{"@id":"https:\/\/www.volkstheater.ch\/#website"},"primaryImageOfPage":{"@id":"https:\/\/www.volkstheater.ch\/it\/archivio\/#primaryimage"},"image":{"@id":"https:\/\/www.volkstheater.ch\/it\/archivio\/#primaryimage"},"thumbnailUrl":"https:\/\/www.volkstheater.ch\/wp-content\/uploads\/2022\/10\/Marionetten_BE-800x588-1.webp","datePublished":"2022-10-17T11:20:55+00:00","dateModified":"2025-09-03T09:45:27+00:00","breadcrumb":{"@id":"https:\/\/www.volkstheater.ch\/it\/archivio\/#breadcrumb"},"inLanguage":"it-IT","potentialAction":[{"@type":"ReadAction","target":["https:\/\/www.volkstheater.ch\/it\/archivio\/"]}]},{"@type":"ImageObject","inLanguage":"it-IT","@id":"https:\/\/www.volkstheater.ch\/it\/archivio\/#primaryimage","url":"https:\/\/www.volkstheater.ch\/wp-content\/uploads\/2022\/10\/Marionetten_BE-800x588-1.webp","contentUrl":"https:\/\/www.volkstheater.ch\/wp-content\/uploads\/2022\/10\/Marionetten_BE-800x588-1.webp"},{"@type":"BreadcrumbList","@id":"https:\/\/www.volkstheater.ch\/it\/archivio\/#breadcrumb","itemListElement":[{"@type":"ListItem","position":1,"name":"Startseite","item":"https:\/\/www.volkstheater.ch\/it\/"},{"@type":"ListItem","position":2,"name":"Archivio"}]},{"@type":"WebSite","@id":"https:\/\/www.volkstheater.ch\/#website","url":"https:\/\/www.volkstheater.ch\/","name":"Zentralverband Schweizer Volkstheater","description":"Dachverband des Amateurtheaters in der deutschen und r\u00e4toromanischen Schweiz","potentialAction":[{"@type":"SearchAction","target":{"@type":"EntryPoint","urlTemplate":"https:\/\/www.volkstheater.ch\/?s={search_term_string}"},"query-input":{"@type":"PropertyValueSpecification","valueRequired":true,"valueName":"search_term_string"}}],"inLanguage":"it-IT"}]}},"_links":{"self":[{"href":"https:\/\/www.volkstheater.ch\/it\/wp-json\/wp\/v2\/pages\/2203","targetHints":{"allow":["GET"]}}],"collection":[{"href":"https:\/\/www.volkstheater.ch\/it\/wp-json\/wp\/v2\/pages"}],"about":[{"href":"https:\/\/www.volkstheater.ch\/it\/wp-json\/wp\/v2\/types\/page"}],"author":[{"embeddable":true,"href":"https:\/\/www.volkstheater.ch\/it\/wp-json\/wp\/v2\/users\/5"}],"replies":[{"embeddable":true,"href":"https:\/\/www.volkstheater.ch\/it\/wp-json\/wp\/v2\/comments?post=2203"}],"version-history":[{"count":10,"href":"https:\/\/www.volkstheater.ch\/it\/wp-json\/wp\/v2\/pages\/2203\/revisions"}],"predecessor-version":[{"id":5930,"href":"https:\/\/www.volkstheater.ch\/it\/wp-json\/wp\/v2\/pages\/2203\/revisions\/5930"}],"wp:attachment":[{"href":"https:\/\/www.volkstheater.ch\/it\/wp-json\/wp\/v2\/media?parent=2203"}],"curies":[{"name":"wp","href":"https:\/\/api.w.org\/{rel}","templated":true}]}}